{"id":11109,"date":"2025-03-26T17:29:22","date_gmt":"2025-03-26T23:29:22","guid":{"rendered":"https:\/\/sunsetmonalisa.com\/?page_id=11109"},"modified":"2025-03-26T17:41:56","modified_gmt":"2025-03-26T23:41:56","slug":"celebra-en-los-cabos","status":"publish","type":"page","link":"https:\/\/sunsetmonalisa.com\/es\/celebra-en-los-cabos\/","title":{"rendered":"Celebra en Los Cabos"},"content":{"rendered":"\t\t<div data-elementor-type=\"wp-page\" data-elementor-id=\"11109\" class=\"elementor elementor-11109\" data-elementor-post-type=\"page\">\n\t\t\t\t<div class=\"elementor-element elementor-element-80ed83c e-con-full header-overlay e-flex e-con e-parent\" data-id=\"80ed83c\" data-element_type=\"container\" data-e-type=\"container\" data-settings=\"{&quot;background_background&quot;:&quot;classic&quot;}\">\n\t\t\t\t<div class=\"elementor-element elementor-element-0d4f667 elementor-widget__width-initial elementor-hidden-tablet elementor-hidden-mobile elementor-hidden-mobile_extra elementor-widget elementor-widget-heading\" data-id=\"0d4f667\" data-element_type=\"widget\" data-e-type=\"widget\" data-widget_type=\"heading.default\">\n\t\t\t\t<div class=\"elementor-widget-container\">\n\t\t\t\t\t<h1 class=\"elementor-heading-title elementor-size-default\">TU CELEBRACI\u00d3N ES\n<br>SUNSET MONALISA\n<\/h1>\t\t\t\t<\/div>\n\t\t\t\t<\/div>\n\t\t\t\t<div class=\"elementor-element elementor-element-f714e56 elementor-widget__width-initial elementor-hidden-desktop elementor-hidden-laptop elementor-hidden-tablet_extra elementor-widget elementor-widget-heading\" data-id=\"f714e56\" data-element_type=\"widget\" data-e-type=\"widget\" data-widget_type=\"heading.default\">\n\t\t\t\t<div class=\"elementor-widget-container\">\n\t\t\t\t\t<h1 class=\"elementor-heading-title elementor-size-default\">TU CELEBRACI\u00d3N ES<br \/>SUNSET MONALISA\n<\/h1>\t\t\t\t<\/div>\n\t\t\t\t<\/div>\n\t\t\t\t<div class=\"elementor-element elementor-element-49a7378 elementor-widget elementor-widget-heading\" data-id=\"49a7378\" data-element_type=\"widget\" data-e-type=\"widget\" data-widget_type=\"heading.default\">\n\t\t\t\t<div class=\"elementor-widget-container\">\n\t\t\t\t\t<h4 class=\"elementor-heading-title elementor-size-default\">DESPLAZAR<\/h4>\t\t\t\t<\/div>\n\t\t\t\t<\/div>\n\t\t\t\t<div class=\"elementor-element elementor-element-c47c910 elementor-view-default elementor-widget elementor-widget-icon\" data-id=\"c47c910\" data-element_type=\"widget\" data-e-type=\"widget\" data-widget_type=\"icon.default\">\n\t\t\t\t<div class=\"elementor-widget-container\">\n\t\t\t\t\t\t\t<div class=\"elementor-icon-wrapper\">\n\t\t\t<a class=\"elementor-icon\" href=\"#inicio\">\n\t\t\t<svg xmlns=\"http:\/\/www.w3.org\/2000\/svg\" id=\"Layer_1\" data-name=\"Layer 1\" viewBox=\"0 0 58 29\"><defs><style>.hv0{fill:#e42700;}.st2{fill:#fff;}.st4{fill:#162b46;}<\/style><\/defs><title>Artboard 3333<\/title><g id=\"btn1\"><path class=\"hv0\" d=\"M58,29A29,29,0,0,0,0,29Z\"><\/path><path class=\"st2\" d=\"M29,0A29,29,0,0,0,0,29H2a27,27,0,0,1,54,0h2A29,29,0,0,0,29,0Z\"><\/path><polygon class=\"st2\" points=\"29 20.7 22.7 15.2 21.3 16.8 28.3 22.8 29 23.3 29.7 22.8 36.7 16.8 35.3 15.2 29 20.7\"><\/polygon><\/g><g id=\"bth1\"><path class=\"st2\" d=\"M58,29A29,29,0,0,0,0,29Z\"><\/path><polygon class=\"st4\" points=\"29 20.7 22.7 15.2 21.3 16.8 28.3 22.8 29 23.3 29.7 22.8 36.7 16.8 35.3 15.2 29 20.7\"><\/polygon><\/g><\/svg>\t\t\t<\/a>\n\t\t<\/div>\n\t\t\t\t\t\t<\/div>\n\t\t\t\t<\/div>\n\t\t\t\t<\/div>\n\t\t<div class=\"elementor-element elementor-element-b8a15f6 e-flex e-con-boxed e-con e-parent\" data-id=\"b8a15f6\" data-element_type=\"container\" data-e-type=\"container\" id=\"inicio\">\n\t\t\t\t\t<div class=\"e-con-inner\">\n\t\t<div class=\"elementor-element elementor-element-9f42d71 e-con-full e-flex e-con e-child\" data-id=\"9f42d71\" data-element_type=\"container\" data-e-type=\"container\">\n\t\t\t\t<div class=\"elementor-element elementor-element-f2a4e39 elementor-widget__width-initial elementor-widget-mobile__width-initial elementor-widget elementor-widget-heading\" data-id=\"f2a4e39\" data-element_type=\"widget\" data-e-type=\"widget\" data-widget_type=\"heading.default\">\n\t\t\t\t<div class=\"elementor-widget-container\">\n\t\t\t\t\t<h2 class=\"elementor-heading-title elementor-size-default\">SUNSET MONALISA \u2764\ufe0f LOS CABOS<\/h2>\t\t\t\t<\/div>\n\t\t\t\t<\/div>\n\t\t\t\t<div class=\"elementor-element elementor-element-b8aab71 elementor-widget__width-initial elementor-widget-mobile__width-initial elementor-widget elementor-widget-heading\" data-id=\"b8aab71\" data-element_type=\"widget\" data-e-type=\"widget\" data-widget_type=\"heading.default\">\n\t\t\t\t<div class=\"elementor-widget-container\">\n\t\t\t\t\t<h3 class=\"elementor-heading-title elementor-size-default\">Celebra donde el atardecer se convierte en magia<\/h3>\t\t\t\t<\/div>\n\t\t\t\t<\/div>\n\t\t\t\t<div class=\"elementor-element elementor-element-3ea8e44 elementor-widget__width-initial elementor-widget elementor-widget-text-editor\" data-id=\"3ea8e44\" data-element_type=\"widget\" data-e-type=\"widget\" data-widget_type=\"text-editor.default\">\n\t\t\t\t<div class=\"elementor-widget-container\">\n\t\t\t\t\t\t\t\t\t<p><span style=\"font-weight: 400;\">Sunset Monalisa es parte de Los Cabos, as\u00ed como t\u00fa. Queremos que <strong>los momentos m\u00e1s importantes de tu vida tengan el escenario que merecen<\/strong>. Desde aniversarios y cumplea\u00f1os hasta propuestas de matrimonio y reuniones familiares, nuestras vistas al arco y atardeceres incomparables est\u00e1n aqu\u00ed para ti, no solo para quienes nos visitan. Porque compartimos el mismo cielo, el mismo mar y el mismo amor por esta tierra.<\/span><\/p>\t\t\t\t\t\t\t\t<\/div>\n\t\t\t\t<\/div>\n\t\t\t\t<div class=\"elementor-element elementor-element-9605d6a elementor-widget elementor-widget-button\" data-id=\"9605d6a\" data-element_type=\"widget\" data-e-type=\"widget\" data-widget_type=\"button.default\">\n\t\t\t\t<div class=\"elementor-widget-container\">\n\t\t\t\t\t\t\t\t\t<div class=\"elementor-button-wrapper\">\n\t\t\t\t\t<a class=\"elementor-button elementor-button-link elementor-size-sm\" href=\"https:\/\/www.opentable.com.mx\/booking\/restref\/availability?lang=es-MX&#038;correlationId=dc448646-06d6-4f3b-9c51-e89ba23d7682&#038;restRef=78322&#038;otSource=Restaurant%20website&#038;otCampaign=Website\" target=\"_blank\">\n\t\t\t\t\t\t<span class=\"elementor-button-content-wrapper\">\n\t\t\t\t\t\t\t\t\t<span class=\"elementor-button-text\">Reserva tu celebraci\u00f3n ahora<\/span>\n\t\t\t\t\t<\/span>\n\t\t\t\t\t<\/a>\n\t\t\t\t<\/div>\n\t\t\t\t\t\t\t\t<\/div>\n\t\t\t\t<\/div>\n\t\t\t\t<\/div>\n\t\t<div class=\"elementor-element elementor-element-c11bc0e e-con-full e-flex e-con e-child\" data-id=\"c11bc0e\" data-element_type=\"container\" data-e-type=\"container\">\n\t\t\t\t<div class=\"elementor-element elementor-element-a778c7b elementor-widget__width-initial elementor-widget elementor-widget-heading\" data-id=\"a778c7b\" data-element_type=\"widget\" data-e-type=\"widget\" data-widget_type=\"heading.default\">\n\t\t\t\t<div class=\"elementor-widget-container\">\n\t\t\t\t\t<h2 class=\"elementor-heading-title elementor-size-default\">T\u00da MERECES LO MEJOR<\/h2>\t\t\t\t<\/div>\n\t\t\t\t<\/div>\n\t\t\t\t<div class=\"elementor-element elementor-element-f6f8d92 elementor-widget__width-initial elementor-widget elementor-widget-text-editor\" data-id=\"f6f8d92\" data-element_type=\"widget\" data-e-type=\"widget\" data-widget_type=\"text-editor.default\">\n\t\t\t\t<div class=\"elementor-widget-container\">\n\t\t\t\t\t\t\t\t\t<ul><li style=\"font-weight: 400;\" aria-level=\"1\"><span style=\"font-weight: 400;\">Upgrade a Mesa Premium<\/span><\/li><li style=\"font-weight: 400;\" aria-level=\"1\"><span style=\"font-weight: 400;\">Copa de bienvenida<\/span><\/li><li style=\"font-weight: 400;\" aria-level=\"1\"><span style=\"font-weight: 400;\">Descorche sin costo (trae tu vino)<\/span><\/li><li style=\"font-weight: 400;\" aria-level=\"1\"><span style=\"font-weight: 400;\">Y m\u00e1s beneficios exclusivos<\/span><\/li><\/ul>\t\t\t\t\t\t\t\t<\/div>\n\t\t\t\t<\/div>\n\t\t\t\t<\/div>\n\t\t<div class=\"elementor-element elementor-element-0aaabcb e-con-full e-flex e-con e-child\" data-id=\"0aaabcb\" data-element_type=\"container\" data-e-type=\"container\">\n\t\t\t\t<div class=\"elementor-element elementor-element-a86084a elementor-widget elementor-widget-image\" data-id=\"a86084a\" data-element_type=\"widget\" data-e-type=\"widget\" data-widget_type=\"image.default\">\n\t\t\t\t<div class=\"elementor-widget-container\">\n\t\t\t\t\t\t\t\t\t\t\t\t\t\t\t<img loading=\"lazy\" decoding=\"async\" width=\"800\" height=\"611\" src=\"https:\/\/sunsetmonalisa.com\/wp-content\/uploads\/2025\/03\/Exclusivo_Los-Cabos_Sunset-Monalisa.webp\" class=\"attachment-full size-full wp-image-11114\" alt=\"\" srcset=\"https:\/\/sunsetmonalisa.com\/wp-content\/uploads\/2025\/03\/Exclusivo_Los-Cabos_Sunset-Monalisa.webp 800w, https:\/\/sunsetmonalisa.com\/wp-content\/uploads\/2025\/03\/Exclusivo_Los-Cabos_Sunset-Monalisa-300x229.webp 300w, https:\/\/sunsetmonalisa.com\/wp-content\/uploads\/2025\/03\/Exclusivo_Los-Cabos_Sunset-Monalisa-768x587.webp 768w\" sizes=\"auto, (max-width: 800px) 100vw, 800px\" \/>\t\t\t\t\t\t\t\t\t\t\t\t\t\t\t<\/div>\n\t\t\t\t<\/div>\n\t\t\t\t<\/div>\n\t\t\t\t\t<\/div>\n\t\t\t\t<\/div>\n\t\t<div class=\"elementor-element elementor-element-84734c9 e-flex e-con-boxed e-con e-parent\" data-id=\"84734c9\" data-element_type=\"container\" data-e-type=\"container\">\n\t\t\t\t\t<div class=\"e-con-inner\">\n\t\t<div class=\"elementor-element elementor-element-7e4ee99 e-con-full e-flex e-con e-child\" data-id=\"7e4ee99\" data-element_type=\"container\" data-e-type=\"container\">\n\t\t\t\t<div class=\"elementor-element elementor-element-6618013 elementor-widget__width-initial elementor-widget-mobile__width-initial elementor-widget elementor-widget-heading\" data-id=\"6618013\" data-element_type=\"widget\" data-e-type=\"widget\" data-widget_type=\"heading.default\">\n\t\t\t\t<div class=\"elementor-widget-container\">\n\t\t\t\t\t<h2 class=\"elementor-heading-title elementor-size-default\">VIVE CABO COMO NUNCA<\/h2>\t\t\t\t<\/div>\n\t\t\t\t<\/div>\n\t\t\t\t<div class=\"elementor-element elementor-element-1c94380 elementor-widget__width-initial elementor-widget-mobile__width-initial elementor-widget elementor-widget-heading\" data-id=\"1c94380\" data-element_type=\"widget\" data-e-type=\"widget\" data-widget_type=\"heading.default\">\n\t\t\t\t<div class=\"elementor-widget-container\">\n\t\t\t\t\t<h3 class=\"elementor-heading-title elementor-size-default\">Una experiencia creada, pensando en ti<\/h3>\t\t\t\t<\/div>\n\t\t\t\t<\/div>\n\t\t\t\t<div class=\"elementor-element elementor-element-b7eba74 elementor-widget__width-initial elementor-widget elementor-widget-text-editor\" data-id=\"b7eba74\" data-element_type=\"widget\" data-e-type=\"widget\" data-widget_type=\"text-editor.default\">\n\t\t\t\t<div class=\"elementor-widget-container\">\n\t\t\t\t\t\t\t\t\t<p><span style=\"font-weight: 400;\">Sunset Monalisa es tu lugar, tu vista, tu momento. <strong>Celebra lo especial de vivir en Los Cabos<\/strong>, con beneficios que solo t\u00fa puedes disfrutar.<\/span><\/p>\t\t\t\t\t\t\t\t<\/div>\n\t\t\t\t<\/div>\n\t\t\t\t<div class=\"elementor-element elementor-element-aff0f2e elementor-cta--layout-image-left elementor-cta--mobile-layout-image-above elementor-cta--skin-classic elementor-animated-content elementor-bg-transform elementor-bg-transform-zoom-in elementor-widget elementor-widget-call-to-action\" data-id=\"aff0f2e\" data-element_type=\"widget\" data-e-type=\"widget\" data-widget_type=\"call-to-action.default\">\n\t\t\t\t<div class=\"elementor-widget-container\">\n\t\t\t\t\t\t\t<div class=\"elementor-cta\">\n\t\t\t\t\t<div class=\"elementor-cta__bg-wrapper\">\n\t\t\t\t<div class=\"elementor-cta__bg elementor-bg\" style=\"background-image: url(https:\/\/sunsetmonalisa.com\/wp-content\/uploads\/2025\/03\/Locales_Los-Cabos_Sunset-Monalisa.webp);\" role=\"img\" aria-label=\"Locales_Los-Cabos_Sunset-Monalisa\"><\/div>\n\t\t\t\t<div class=\"elementor-cta__bg-overlay\"><\/div>\n\t\t\t<\/div>\n\t\t\t\t\t\t\t<div class=\"elementor-cta__content\">\n\t\t\t\t\n\t\t\t\t\t\t\t\t\t<h3 class=\"elementor-cta__title elementor-cta__content-item elementor-content-item\">\n\t\t\t\t\t\tHaz de tu momento especial, algo inolvidable en Sunset Monalisa<br>\t\t\t\t\t<\/h3>\n\t\t\t\t\n\t\t\t\t\n\t\t\t\t\t\t\t\t\t<div class=\"elementor-cta__button-wrapper elementor-cta__content-item elementor-content-item \">\n\t\t\t\t\t<a class=\"elementor-cta__button elementor-button elementor-size-\" href=\"https:\/\/www.opentable.com.mx\/booking\/restref\/availability?lang=es-MX&#038;correlationId=dc448646-06d6-4f3b-9c51-e89ba23d7682&#038;restRef=78322&#038;otSource=Restaurant%20website&#038;otCampaign=Website\" target=\"_blank\">\n\t\t\t\t\t\tReserva tu celebraci\u00f3n ahora\t\t\t\t\t<\/a>\n\t\t\t\t\t<\/div>\n\t\t\t\t\t\t\t<\/div>\n\t\t\t\t\t\t<\/div>\n\t\t\t\t\t\t<\/div>\n\t\t\t\t<\/div>\n\t\t\t\t<\/div>\n\t\t\t\t\t<\/div>\n\t\t\t\t<\/div>\n\t\t\t\t<\/div>\n\t\t","protected":false},"excerpt":{"rendered":"<p>TU CELEBRACI\u00d3N ES SUNSET MONALISA TU CELEBRACI\u00d3N ESSUNSET MONALISA DESPLAZAR Artboard 3333 SUNSET MONALISA \u2764\ufe0f LOS CABOS Celebra donde el [&hellip;]<\/p>\n","protected":false},"author":2,"featured_media":11112,"parent":0,"menu_order":0,"comment_status":"closed","ping_status":"closed","template":"","meta":{"site-sidebar-layout":"no-sidebar","site-content-layout":"","ast-site-content-layout":"full-width-container","site-content-style":"default","site-sidebar-style":"default","ast-global-header-display":"","ast-banner-title-visibility":"","ast-main-header-display":"","ast-hfb-above-header-display":"","ast-hfb-below-header-display":"","ast-hfb-mobile-header-display":"","site-post-title":"disabled","ast-breadcrumbs-content":"","ast-featured-img":"disabled","footer-sml-layout":"","ast-disable-related-posts":"","theme-transparent-header-meta":"default","adv-header-id-meta":"","stick-header-meta":"","header-above-stick-meta":"","header-main-stick-meta":"","header-below-stick-meta":"","astra-migrate-meta-layouts":"set","ast-page-background-enabled":"default","ast-page-background-meta":{"desktop":{"background-color":"var(--ast-global-color-4)","background-image":"","background-repeat":"repeat","background-position":"center center","background-size":"auto","background-attachment":"scroll","background-type":"","background-media":"","overlay-type":"","overlay-color":"","overlay-opacity":"","overlay-gradient":""},"tablet":{"background-color":"","background-image":"","background-repeat":"repeat","background-position":"center center","background-size":"auto","background-attachment":"scroll","background-type":"","background-media":"","overlay-type":"","overlay-color":"","overlay-opacity":"","overlay-gradient":""},"mobile":{"background-color":"","background-image":"","background-repeat":"repeat","background-position":"center center","background-size":"auto","background-attachment":"scroll","background-type":"","background-media":"","overlay-type":"","overlay-color":"","overlay-opacity":"","overlay-gradient":""}},"ast-content-background-meta":{"desktop":{"background-color":"var(--ast-global-color-5)","background-image":"","background-repeat":"repeat","background-position":"center center","background-size":"auto","background-attachment":"scroll","background-type":"","background-media":"","overlay-type":"","overlay-color":"","overlay-opacity":"","overlay-gradient":""},"tablet":{"background-color":"var(--ast-global-color-5)","background-image":"","background-repeat":"repeat","background-position":"center center","background-size":"auto","background-attachment":"scroll","background-type":"","background-media":"","overlay-type":"","overlay-color":"","overlay-opacity":"","overlay-gradient":""},"mobile":{"background-color":"var(--ast-global-color-5)","background-image":"","background-repeat":"repeat","background-position":"center center","background-size":"auto","background-attachment":"scroll","background-type":"","background-media":"","overlay-type":"","overlay-color":"","overlay-opacity":"","overlay-gradient":""}},"footnotes":""},"class_list":["post-11109","page","type-page","status-publish","has-post-thumbnail","hentry"],"yoast_head":"<!-- This site is optimized with the Yoast SEO Premium plugin v27.3 (Yoast SEO v27.3) - https:\/\/yoast.com\/product\/yoast-seo-premium-wordpress\/ -->\n<title>SUNSET MONALISA | Cabo Beach Restaurants<\/title>\n<meta name=\"description\" content=\"Get to know Sunset Monalisa, one of the best Cabo Beach Restaurants that offers you a high-quality cuisine experience.\" \/>\n<meta name=\"robots\" content=\"index, follow, max-snippet:-1, max-image-preview:large, max-video-preview:-1\" \/>\n<link rel=\"canonical\" href=\"https:\/\/sunsetmonalisa.com\/es\/celebra-en-los-cabos\/\" \/>\n<meta property=\"og:locale\" content=\"es_ES\" \/>\n<meta property=\"og:type\" content=\"article\" \/>\n<meta property=\"og:title\" content=\"SUNSET MONALISA \u2764\ufe0f LOS CABOS\" \/>\n<meta property=\"og:description\" content=\"Sunset Monalisa es tu lugar, tu vista, tu momento. Celebra lo especial de vivir en Los Cabos, con beneficios que solo t\u00fa puedes disfrutar.\" \/>\n<meta property=\"og:url\" content=\"https:\/\/sunsetmonalisa.com\/es\/celebra-en-los-cabos\/\" \/>\n<meta property=\"og:site_name\" content=\"Sunset Monalisa\" \/>\n<meta property=\"article:publisher\" content=\"https:\/\/www.facebook.com\/SunsetMonalisa\/\" \/>\n<meta property=\"article:modified_time\" content=\"2025-03-26T23:41:56+00:00\" \/>\n<meta property=\"og:image\" content=\"https:\/\/sunsetmonalisa.com\/wp-content\/uploads\/2025\/03\/Locales_Los-Cabos_Sunset-Monalisa.webp\" \/>\n\t<meta property=\"og:image:width\" content=\"2000\" \/>\n\t<meta property=\"og:image:height\" content=\"833\" \/>\n\t<meta property=\"og:image:type\" content=\"image\/webp\" \/>\n<meta name=\"twitter:card\" content=\"summary_large_image\" \/>\n<meta name=\"twitter:title\" content=\"SUNSET MONALISA | Cabo Beach Restaurants\" \/>\n<meta name=\"twitter:description\" content=\"Get to know Sunset Monalisa, one of the best Cabo Beach Restaurants that offers you a high-quality cuisine experience.\" \/>\n<meta name=\"twitter:image\" content=\"https:\/\/sunsetmonalisa.com\/wp-content\/uploads\/2024\/08\/Sunset-Monalisa_Social-Card_The-Restaurant.jpg\" \/>\n<meta name=\"twitter:label1\" content=\"Tiempo de lectura\" \/>\n\t<meta name=\"twitter:data1\" content=\"1 minuto\" \/>\n<script type=\"application\/ld+json\" class=\"yoast-schema-graph\">{\"@context\":\"https:\\\/\\\/schema.org\",\"@graph\":[{\"@type\":\"WebPage\",\"@id\":\"https:\\\/\\\/sunsetmonalisa.com\\\/es\\\/celebra-en-los-cabos\\\/\",\"url\":\"https:\\\/\\\/sunsetmonalisa.com\\\/es\\\/celebra-en-los-cabos\\\/\",\"name\":\"SUNSET MONALISA | Cabo Beach Restaurants\",\"isPartOf\":{\"@id\":\"https:\\\/\\\/sunsetmonalisa.com\\\/es\\\/#website\"},\"primaryImageOfPage\":{\"@id\":\"https:\\\/\\\/sunsetmonalisa.com\\\/es\\\/celebra-en-los-cabos\\\/#primaryimage\"},\"image\":{\"@id\":\"https:\\\/\\\/sunsetmonalisa.com\\\/es\\\/celebra-en-los-cabos\\\/#primaryimage\"},\"thumbnailUrl\":\"https:\\\/\\\/sunsetmonalisa.com\\\/wp-content\\\/uploads\\\/2025\\\/03\\\/Locales_Los-Cabos_Sunset-Monalisa.webp\",\"datePublished\":\"2025-03-26T23:29:22+00:00\",\"dateModified\":\"2025-03-26T23:41:56+00:00\",\"description\":\"Get to know Sunset Monalisa, one of the best Cabo Beach Restaurants that offers you a high-quality cuisine experience.\",\"breadcrumb\":{\"@id\":\"https:\\\/\\\/sunsetmonalisa.com\\\/es\\\/celebra-en-los-cabos\\\/#breadcrumb\"},\"inLanguage\":\"es\",\"potentialAction\":[{\"@type\":\"ReadAction\",\"target\":[\"https:\\\/\\\/sunsetmonalisa.com\\\/es\\\/celebra-en-los-cabos\\\/\"]}]},{\"@type\":\"ImageObject\",\"inLanguage\":\"es\",\"@id\":\"https:\\\/\\\/sunsetmonalisa.com\\\/es\\\/celebra-en-los-cabos\\\/#primaryimage\",\"url\":\"https:\\\/\\\/sunsetmonalisa.com\\\/wp-content\\\/uploads\\\/2025\\\/03\\\/Locales_Los-Cabos_Sunset-Monalisa.webp\",\"contentUrl\":\"https:\\\/\\\/sunsetmonalisa.com\\\/wp-content\\\/uploads\\\/2025\\\/03\\\/Locales_Los-Cabos_Sunset-Monalisa.webp\",\"width\":2000,\"height\":833},{\"@type\":\"BreadcrumbList\",\"@id\":\"https:\\\/\\\/sunsetmonalisa.com\\\/es\\\/celebra-en-los-cabos\\\/#breadcrumb\",\"itemListElement\":[{\"@type\":\"ListItem\",\"position\":1,\"name\":\"Inicio\",\"item\":\"https:\\\/\\\/sunsetmonalisa.com\\\/es\\\/\"},{\"@type\":\"ListItem\",\"position\":2,\"name\":\"Celebra en Los Cabos\"}]},{\"@type\":\"WebSite\",\"@id\":\"https:\\\/\\\/sunsetmonalisa.com\\\/es\\\/#website\",\"url\":\"https:\\\/\\\/sunsetmonalisa.com\\\/es\\\/\",\"name\":\"Sunset Monalisa\",\"description\":\"A culinary delight\",\"publisher\":{\"@id\":\"https:\\\/\\\/sunsetmonalisa.com\\\/es\\\/#organization\"},\"potentialAction\":[{\"@type\":\"SearchAction\",\"target\":{\"@type\":\"EntryPoint\",\"urlTemplate\":\"https:\\\/\\\/sunsetmonalisa.com\\\/es\\\/?s={search_term_string}\"},\"query-input\":{\"@type\":\"PropertyValueSpecification\",\"valueRequired\":true,\"valueName\":\"search_term_string\"}}],\"inLanguage\":\"es\"},{\"@type\":\"Organization\",\"@id\":\"https:\\\/\\\/sunsetmonalisa.com\\\/es\\\/#organization\",\"name\":\"Sunset Monalisa\",\"url\":\"https:\\\/\\\/sunsetmonalisa.com\\\/es\\\/\",\"logo\":{\"@type\":\"ImageObject\",\"inLanguage\":\"es\",\"@id\":\"https:\\\/\\\/sunsetmonalisa.com\\\/es\\\/#\\\/schema\\\/logo\\\/image\\\/\",\"url\":\"https:\\\/\\\/sunsetmonalisa.com\\\/wp-content\\\/uploads\\\/2024\\\/07\\\/Sunset-Monalisa-favicon-2_1.png\",\"contentUrl\":\"https:\\\/\\\/sunsetmonalisa.com\\\/wp-content\\\/uploads\\\/2024\\\/07\\\/Sunset-Monalisa-favicon-2_1.png\",\"width\":512,\"height\":512,\"caption\":\"Sunset Monalisa\"},\"image\":{\"@id\":\"https:\\\/\\\/sunsetmonalisa.com\\\/es\\\/#\\\/schema\\\/logo\\\/image\\\/\"},\"sameAs\":[\"https:\\\/\\\/www.facebook.com\\\/SunsetMonalisa\\\/\",\"https:\\\/\\\/www.instagram.com\\\/sunsetmonalisa\\\/\",\"https:\\\/\\\/www.tiktok.com\\\/@sunset.monalisa\"]}]}<\/script>\n<!-- \/ Yoast SEO Premium plugin. -->","yoast_head_json":{"title":"SUNSET MONALISA | Cabo Beach Restaurants","description":"Get to know Sunset Monalisa, one of the best Cabo Beach Restaurants that offers you a high-quality cuisine experience.","robots":{"index":"index","follow":"follow","max-snippet":"max-snippet:-1","max-image-preview":"max-image-preview:large","max-video-preview":"max-video-preview:-1"},"canonical":"https:\/\/sunsetmonalisa.com\/es\/celebra-en-los-cabos\/","og_locale":"es_ES","og_type":"article","og_title":"SUNSET MONALISA \u2764\ufe0f LOS CABOS","og_description":"Sunset Monalisa es tu lugar, tu vista, tu momento. Celebra lo especial de vivir en Los Cabos, con beneficios que solo t\u00fa puedes disfrutar.","og_url":"https:\/\/sunsetmonalisa.com\/es\/celebra-en-los-cabos\/","og_site_name":"Sunset Monalisa","article_publisher":"https:\/\/www.facebook.com\/SunsetMonalisa\/","article_modified_time":"2025-03-26T23:41:56+00:00","og_image":[{"width":2000,"height":833,"url":"https:\/\/sunsetmonalisa.com\/wp-content\/uploads\/2025\/03\/Locales_Los-Cabos_Sunset-Monalisa.webp","type":"image\/webp"}],"twitter_card":"summary_large_image","twitter_title":"SUNSET MONALISA | Cabo Beach Restaurants","twitter_description":"Get to know Sunset Monalisa, one of the best Cabo Beach Restaurants that offers you a high-quality cuisine experience.","twitter_image":"https:\/\/sunsetmonalisa.com\/wp-content\/uploads\/2024\/08\/Sunset-Monalisa_Social-Card_The-Restaurant.jpg","twitter_misc":{"Tiempo de lectura":"1 minuto"},"schema":{"@context":"https:\/\/schema.org","@graph":[{"@type":"WebPage","@id":"https:\/\/sunsetmonalisa.com\/es\/celebra-en-los-cabos\/","url":"https:\/\/sunsetmonalisa.com\/es\/celebra-en-los-cabos\/","name":"SUNSET MONALISA | Cabo Beach Restaurants","isPartOf":{"@id":"https:\/\/sunsetmonalisa.com\/es\/#website"},"primaryImageOfPage":{"@id":"https:\/\/sunsetmonalisa.com\/es\/celebra-en-los-cabos\/#primaryimage"},"image":{"@id":"https:\/\/sunsetmonalisa.com\/es\/celebra-en-los-cabos\/#primaryimage"},"thumbnailUrl":"https:\/\/sunsetmonalisa.com\/wp-content\/uploads\/2025\/03\/Locales_Los-Cabos_Sunset-Monalisa.webp","datePublished":"2025-03-26T23:29:22+00:00","dateModified":"2025-03-26T23:41:56+00:00","description":"Get to know Sunset Monalisa, one of the best Cabo Beach Restaurants that offers you a high-quality cuisine experience.","breadcrumb":{"@id":"https:\/\/sunsetmonalisa.com\/es\/celebra-en-los-cabos\/#breadcrumb"},"inLanguage":"es","potentialAction":[{"@type":"ReadAction","target":["https:\/\/sunsetmonalisa.com\/es\/celebra-en-los-cabos\/"]}]},{"@type":"ImageObject","inLanguage":"es","@id":"https:\/\/sunsetmonalisa.com\/es\/celebra-en-los-cabos\/#primaryimage","url":"https:\/\/sunsetmonalisa.com\/wp-content\/uploads\/2025\/03\/Locales_Los-Cabos_Sunset-Monalisa.webp","contentUrl":"https:\/\/sunsetmonalisa.com\/wp-content\/uploads\/2025\/03\/Locales_Los-Cabos_Sunset-Monalisa.webp","width":2000,"height":833},{"@type":"BreadcrumbList","@id":"https:\/\/sunsetmonalisa.com\/es\/celebra-en-los-cabos\/#breadcrumb","itemListElement":[{"@type":"ListItem","position":1,"name":"Inicio","item":"https:\/\/sunsetmonalisa.com\/es\/"},{"@type":"ListItem","position":2,"name":"Celebra en Los Cabos"}]},{"@type":"WebSite","@id":"https:\/\/sunsetmonalisa.com\/es\/#website","url":"https:\/\/sunsetmonalisa.com\/es\/","name":"Sunset Monalisa","description":"A culinary delight","publisher":{"@id":"https:\/\/sunsetmonalisa.com\/es\/#organization"},"potentialAction":[{"@type":"SearchAction","target":{"@type":"EntryPoint","urlTemplate":"https:\/\/sunsetmonalisa.com\/es\/?s={search_term_string}"},"query-input":{"@type":"PropertyValueSpecification","valueRequired":true,"valueName":"search_term_string"}}],"inLanguage":"es"},{"@type":"Organization","@id":"https:\/\/sunsetmonalisa.com\/es\/#organization","name":"Sunset Monalisa","url":"https:\/\/sunsetmonalisa.com\/es\/","logo":{"@type":"ImageObject","inLanguage":"es","@id":"https:\/\/sunsetmonalisa.com\/es\/#\/schema\/logo\/image\/","url":"https:\/\/sunsetmonalisa.com\/wp-content\/uploads\/2024\/07\/Sunset-Monalisa-favicon-2_1.png","contentUrl":"https:\/\/sunsetmonalisa.com\/wp-content\/uploads\/2024\/07\/Sunset-Monalisa-favicon-2_1.png","width":512,"height":512,"caption":"Sunset Monalisa"},"image":{"@id":"https:\/\/sunsetmonalisa.com\/es\/#\/schema\/logo\/image\/"},"sameAs":["https:\/\/www.facebook.com\/SunsetMonalisa\/","https:\/\/www.instagram.com\/sunsetmonalisa\/","https:\/\/www.tiktok.com\/@sunset.monalisa"]}]}},"_links":{"self":[{"href":"https:\/\/sunsetmonalisa.com\/es\/wp-json\/wp\/v2\/pages\/11109","targetHints":{"allow":["GET"]}}],"collection":[{"href":"https:\/\/sunsetmonalisa.com\/es\/wp-json\/wp\/v2\/pages"}],"about":[{"href":"https:\/\/sunsetmonalisa.com\/es\/wp-json\/wp\/v2\/types\/page"}],"author":[{"embeddable":true,"href":"https:\/\/sunsetmonalisa.com\/es\/wp-json\/wp\/v2\/users\/2"}],"replies":[{"embeddable":true,"href":"https:\/\/sunsetmonalisa.com\/es\/wp-json\/wp\/v2\/comments?post=11109"}],"version-history":[{"count":0,"href":"https:\/\/sunsetmonalisa.com\/es\/wp-json\/wp\/v2\/pages\/11109\/revisions"}],"wp:featuredmedia":[{"embeddable":true,"href":"https:\/\/sunsetmonalisa.com\/es\/wp-json\/wp\/v2\/media\/11112"}],"wp:attachment":[{"href":"https:\/\/sunsetmonalisa.com\/es\/wp-json\/wp\/v2\/media?parent=11109"}],"curies":[{"name":"wp","href":"https:\/\/api.w.org\/{rel}","templated":true}]}}