{"id":3461,"date":"2024-07-29T18:25:20","date_gmt":"2024-07-30T00:25:20","guid":{"rendered":"https:\/\/sunsetmonalisa.com\/amano-cabo\/"},"modified":"2024-12-13T10:31:22","modified_gmt":"2024-12-13T16:31:22","slug":"amano-cabo","status":"publish","type":"page","link":"https:\/\/sunsetmonalisa.com\/es\/amano-cabo\/","title":{"rendered":"Amano Cabo"},"content":{"rendered":"\t\t<div data-elementor-type=\"wp-page\" data-elementor-id=\"3461\" class=\"elementor elementor-3461 elementor-2474\" data-elementor-post-type=\"page\">\n\t\t\t\t<div class=\"elementor-element elementor-element-fc5c3c4 e-con-full header-overlay elementor-hidden-mobile elementor-hidden-mobile_extra e-flex e-con e-parent\" data-id=\"fc5c3c4\" data-element_type=\"container\" data-e-type=\"container\" data-settings=\"{&quot;background_background&quot;:&quot;classic&quot;}\">\n\t\t\t\t<div class=\"elementor-element elementor-element-5ff6eab elementor-widget elementor-widget-heading\" data-id=\"5ff6eab\" data-element_type=\"widget\" data-e-type=\"widget\" data-widget_type=\"heading.default\">\n\t\t\t\t<div class=\"elementor-widget-container\">\n\t\t\t\t\t<h6 class=\"elementor-heading-title elementor-size-default\">DESPLAZAR<\/h6>\t\t\t\t<\/div>\n\t\t\t\t<\/div>\n\t\t\t\t<div class=\"elementor-element elementor-element-b64f702 elementor-view-default elementor-widget elementor-widget-icon\" data-id=\"b64f702\" data-element_type=\"widget\" data-e-type=\"widget\" data-widget_type=\"icon.default\">\n\t\t\t\t<div class=\"elementor-widget-container\">\n\t\t\t\t\t\t\t<div class=\"elementor-icon-wrapper\">\n\t\t\t<a class=\"elementor-icon\" href=\"#inicio\">\n\t\t\t<svg xmlns=\"http:\/\/www.w3.org\/2000\/svg\" id=\"Layer_1\" data-name=\"Layer 1\" viewBox=\"0 0 58 29\"><defs><style>.hv0{fill:#e42700;}.st2{fill:#fff;}.st4{fill:#162b46;}<\/style><\/defs><title>Artboard 3333<\/title><g id=\"btn1\"><path class=\"hv0\" d=\"M58,29A29,29,0,0,0,0,29Z\"><\/path><path class=\"st2\" d=\"M29,0A29,29,0,0,0,0,29H2a27,27,0,0,1,54,0h2A29,29,0,0,0,29,0Z\"><\/path><polygon class=\"st2\" points=\"29 20.7 22.7 15.2 21.3 16.8 28.3 22.8 29 23.3 29.7 22.8 36.7 16.8 35.3 15.2 29 20.7\"><\/polygon><\/g><g id=\"bth1\"><path class=\"st2\" d=\"M58,29A29,29,0,0,0,0,29Z\"><\/path><polygon class=\"st4\" points=\"29 20.7 22.7 15.2 21.3 16.8 28.3 22.8 29 23.3 29.7 22.8 36.7 16.8 35.3 15.2 29 20.7\"><\/polygon><\/g><\/svg>\t\t\t<\/a>\n\t\t<\/div>\n\t\t\t\t\t\t<\/div>\n\t\t\t\t<\/div>\n\t\t\t\t<\/div>\n\t\t<div class=\"elementor-element elementor-element-ec6e067 e-con-full header-overlay elementor-hidden-desktop elementor-hidden-tablet elementor-hidden-laptop elementor-hidden-tablet_extra e-flex e-con e-parent\" data-id=\"ec6e067\" data-element_type=\"container\" data-e-type=\"container\" data-settings=\"{&quot;background_background&quot;:&quot;classic&quot;}\">\n\t\t\t\t<div class=\"elementor-element elementor-element-fb9deba elementor-widget elementor-widget-heading\" data-id=\"fb9deba\" data-element_type=\"widget\" data-e-type=\"widget\" data-widget_type=\"heading.default\">\n\t\t\t\t<div class=\"elementor-widget-container\">\n\t\t\t\t\t<h4 class=\"elementor-heading-title elementor-size-default\">DESPLAZAR<\/h4>\t\t\t\t<\/div>\n\t\t\t\t<\/div>\n\t\t\t\t<div class=\"elementor-element elementor-element-f3525dc elementor-view-default elementor-widget elementor-widget-icon\" data-id=\"f3525dc\" data-element_type=\"widget\" data-e-type=\"widget\" data-widget_type=\"icon.default\">\n\t\t\t\t<div class=\"elementor-widget-container\">\n\t\t\t\t\t\t\t<div class=\"elementor-icon-wrapper\">\n\t\t\t<a class=\"elementor-icon\" href=\"#inicio\">\n\t\t\t<svg xmlns=\"http:\/\/www.w3.org\/2000\/svg\" id=\"Layer_1\" data-name=\"Layer 1\" viewBox=\"0 0 58 29\"><defs><style>.hv0{fill:#e42700;}.st2{fill:#fff;}.st4{fill:#162b46;}<\/style><\/defs><title>Artboard 3333<\/title><g id=\"btn1\"><path class=\"hv0\" d=\"M58,29A29,29,0,0,0,0,29Z\"><\/path><path class=\"st2\" d=\"M29,0A29,29,0,0,0,0,29H2a27,27,0,0,1,54,0h2A29,29,0,0,0,29,0Z\"><\/path><polygon class=\"st2\" points=\"29 20.7 22.7 15.2 21.3 16.8 28.3 22.8 29 23.3 29.7 22.8 36.7 16.8 35.3 15.2 29 20.7\"><\/polygon><\/g><g id=\"bth1\"><path class=\"st2\" d=\"M58,29A29,29,0,0,0,0,29Z\"><\/path><polygon class=\"st4\" points=\"29 20.7 22.7 15.2 21.3 16.8 28.3 22.8 29 23.3 29.7 22.8 36.7 16.8 35.3 15.2 29 20.7\"><\/polygon><\/g><\/svg>\t\t\t<\/a>\n\t\t<\/div>\n\t\t\t\t\t\t<\/div>\n\t\t\t\t<\/div>\n\t\t\t\t<\/div>\n\t\t<div class=\"elementor-element elementor-element-6fd3b66 e-flex e-con-boxed e-con e-parent\" data-id=\"6fd3b66\" data-element_type=\"container\" data-e-type=\"container\" id=\"inicio\">\n\t\t\t\t\t<div class=\"e-con-inner\">\n\t\t\t\t<div class=\"elementor-element elementor-element-d9ea40c elementor-widget-mobile__width-initial elementor-widget__width-initial elementor-widget elementor-widget-heading\" data-id=\"d9ea40c\" data-element_type=\"widget\" data-e-type=\"widget\" data-widget_type=\"heading.default\">\n\t\t\t\t<div class=\"elementor-widget-container\">\n\t\t\t\t\t<h2 class=\"elementor-heading-title elementor-size-default\">Bienvenido a AMANO CABO -\n celebrando el arte hecho a mano. <\/h2>\t\t\t\t<\/div>\n\t\t\t\t<\/div>\n\t\t\t\t<div class=\"elementor-element elementor-element-ab11c94 elementor-widget__width-initial elementor-widget elementor-widget-text-editor\" data-id=\"ab11c94\" data-element_type=\"widget\" data-e-type=\"widget\" data-widget_type=\"text-editor.default\">\n\t\t\t\t<div class=\"elementor-widget-container\">\n\t\t\t\t\t\t\t\t\t<p><span style=\"font-weight: 400;\">En <strong>AMANO Cabo<\/strong>, ofrecemos productos de la m\u00e1s alta calidad hechos a mano con t\u00e9cnicas tradicionales por h\u00e1biles artesanos mexicanos. Nuestra pasi\u00f3n por los dise\u00f1os contempor\u00e1neos y \u00fanicos asegura que cada pieza de nuestra colecci\u00f3n sea una obra de arte.<\/span><\/p>\t\t\t\t\t\t\t\t<\/div>\n\t\t\t\t<\/div>\n\t\t\t\t<div class=\"elementor-element elementor-element-d00493d elementor-widget-mobile__width-initial elementor-widget elementor-widget-heading\" data-id=\"d00493d\" data-element_type=\"widget\" data-e-type=\"widget\" data-widget_type=\"heading.default\">\n\t\t\t\t<div class=\"elementor-widget-container\">\n\t\t\t\t\t<h4 class=\"elementor-heading-title elementor-size-default\">Excelencia hecha a mano por artesanos mexicanos.\n<\/h4>\t\t\t\t<\/div>\n\t\t\t\t<\/div>\n\t\t\t\t<div class=\"elementor-element elementor-element-1319e32 elementor-widget__width-initial elementor-widget elementor-widget-text-editor\" data-id=\"1319e32\" data-element_type=\"widget\" data-e-type=\"widget\" data-widget_type=\"text-editor.default\">\n\t\t\t\t<div class=\"elementor-widget-container\">\n\t\t\t\t\t\t\t\t\tCada art\u00edculo refleja la rica herencia cultural de los artesanos mexicanos y su meticulosa artesan\u00eda, haciendo que cada pieza sea \u00fanica.\t\t\t\t\t\t\t\t<\/div>\n\t\t\t\t<\/div>\n\t\t\t\t<div class=\"elementor-element elementor-element-c67ffe9 elementor-widget-mobile__width-initial elementor-widget elementor-widget-heading\" data-id=\"c67ffe9\" data-element_type=\"widget\" data-e-type=\"widget\" data-widget_type=\"heading.default\">\n\t\t\t\t<div class=\"elementor-widget-container\">\n\t\t\t\t\t<h4 class=\"elementor-heading-title elementor-size-default\">Dise\u00f1os contempor\u00e1neos y \u00fanicos.\n<\/h4>\t\t\t\t<\/div>\n\t\t\t\t<\/div>\n\t\t\t\t<div class=\"elementor-element elementor-element-fb57ec9 elementor-widget__width-initial elementor-widget elementor-widget-text-editor\" data-id=\"fb57ec9\" data-element_type=\"widget\" data-e-type=\"widget\" data-widget_type=\"text-editor.default\">\n\t\t\t\t<div class=\"elementor-widget-container\">\n\t\t\t\t\t\t\t\t\t<p><span style=\"font-weight: 400;\">Nuestra colecci\u00f3n combina la tradici\u00f3n con la est\u00e9tica moderna, promoviendo dise\u00f1os \u00fanicos que reflejan el vibrante esp\u00edritu de M\u00e9xico.<\/span><\/p>\t\t\t\t\t\t\t\t<\/div>\n\t\t\t\t<\/div>\n\t\t\t\t<div class=\"elementor-element elementor-element-5d2b98c elementor-widget-mobile__width-initial elementor-widget elementor-widget-heading\" data-id=\"5d2b98c\" data-element_type=\"widget\" data-e-type=\"widget\" data-widget_type=\"heading.default\">\n\t\t\t\t<div class=\"elementor-widget-container\">\n\t\t\t\t\t<h4 class=\"elementor-heading-title elementor-size-default\">Descubra AMANO Cabo.\n<\/h4>\t\t\t\t<\/div>\n\t\t\t\t<\/div>\n\t\t\t\t<div class=\"elementor-element elementor-element-fd2b55b elementor-widget__width-initial elementor-widget elementor-widget-text-editor\" data-id=\"fd2b55b\" data-element_type=\"widget\" data-e-type=\"widget\" data-widget_type=\"text-editor.default\">\n\t\t\t\t<div class=\"elementor-widget-container\">\n\t\t\t\t\t\t\t\t\t<p><span style=\"font-weight: 400;\">Explora nuestra gama de productos hechos a mano, cada uno un testimonio de la artesan\u00eda mexicana. AMANO Cabo ofrece piezas que elevan tu moda y decoraci\u00f3n del hogar con elegancia y singularidad.<\/span><\/p>\t\t\t\t\t\t\t\t<\/div>\n\t\t\t\t<\/div>\n\t\t\t\t<div class=\"elementor-element elementor-element-53b1a8e elementor-align-center elementor-widget__width-auto elementor-widget elementor-widget-button\" data-id=\"53b1a8e\" data-element_type=\"widget\" data-e-type=\"widget\" data-widget_type=\"button.default\">\n\t\t\t\t<div class=\"elementor-widget-container\">\n\t\t\t\t\t\t\t\t\t<div class=\"elementor-button-wrapper\">\n\t\t\t\t\t<a class=\"elementor-button elementor-button-link elementor-size-sm\" href=\"https:\/\/www.instagram.com\/amanocabo\">\n\t\t\t\t\t\t<span class=\"elementor-button-content-wrapper\">\n\t\t\t\t\t\t\t\t\t<span class=\"elementor-button-text\">S\u00edguenos en Instagram<\/span>\n\t\t\t\t\t<\/span>\n\t\t\t\t\t<\/a>\n\t\t\t\t<\/div>\n\t\t\t\t\t\t\t\t<\/div>\n\t\t\t\t<\/div>\n\t\t\t\t\t<\/div>\n\t\t\t\t<\/div>\n\t\t\t\t<\/div>\n\t\t","protected":false},"excerpt":{"rendered":"<p>DESPLAZAR Artboard 3333 DESPLAZAR Artboard 3333 Bienvenido a AMANO CABO &#8211; celebrando el arte hecho a mano. En AMANO Cabo, [&hellip;]<\/p>\n","protected":false},"author":2,"featured_media":3231,"parent":0,"menu_order":0,"comment_status":"closed","ping_status":"closed","template":"","meta":{"site-sidebar-layout":"no-sidebar","site-content-layout":"","ast-site-content-layout":"full-width-container","site-content-style":"default","site-sidebar-style":"default","ast-global-header-display":"","ast-banner-title-visibility":"","ast-main-header-display":"","ast-hfb-above-header-display":"","ast-hfb-below-header-display":"","ast-hfb-mobile-header-display":"","site-post-title":"disabled","ast-breadcrumbs-content":"","ast-featured-img":"disabled","footer-sml-layout":"","ast-disable-related-posts":"","theme-transparent-header-meta":"default","adv-header-id-meta":"","stick-header-meta":"","header-above-stick-meta":"","header-main-stick-meta":"","header-below-stick-meta":"","astra-migrate-meta-layouts":"set","ast-page-background-enabled":"default","ast-page-background-meta":{"desktop":{"background-color":"var(--ast-global-color-4)","background-image":"","background-repeat":"repeat","background-position":"center center","background-size":"auto","background-attachment":"scroll","background-type":"","background-media":"","overlay-type":"","overlay-color":"","overlay-opacity":"","overlay-gradient":""},"tablet":{"background-color":"","background-image":"","background-repeat":"repeat","background-position":"center center","background-size":"auto","background-attachment":"scroll","background-type":"","background-media":"","overlay-type":"","overlay-color":"","overlay-opacity":"","overlay-gradient":""},"mobile":{"background-color":"","background-image":"","background-repeat":"repeat","background-position":"center center","background-size":"auto","background-attachment":"scroll","background-type":"","background-media":"","overlay-type":"","overlay-color":"","overlay-opacity":"","overlay-gradient":""}},"ast-content-background-meta":{"desktop":{"background-color":"var(--ast-global-color-5)","background-image":"","background-repeat":"repeat","background-position":"center center","background-size":"auto","background-attachment":"scroll","background-type":"","background-media":"","overlay-type":"","overlay-color":"","overlay-opacity":"","overlay-gradient":""},"tablet":{"background-color":"var(--ast-global-color-5)","background-image":"","background-repeat":"repeat","background-position":"center center","background-size":"auto","background-attachment":"scroll","background-type":"","background-media":"","overlay-type":"","overlay-color":"","overlay-opacity":"","overlay-gradient":""},"mobile":{"background-color":"var(--ast-global-color-5)","background-image":"","background-repeat":"repeat","background-position":"center center","background-size":"auto","background-attachment":"scroll","background-type":"","background-media":"","overlay-type":"","overlay-color":"","overlay-opacity":"","overlay-gradient":""}},"footnotes":""},"class_list":["post-3461","page","type-page","status-publish","has-post-thumbnail","hentry"],"yoast_head":"<!-- This site is optimized with the Yoast SEO Premium plugin v27.4 (Yoast SEO v27.4) - https:\/\/yoast.com\/product\/yoast-seo-premium-wordpress\/ -->\n<title>SUNSET MONALISA | Amano Handmade Craftmanship<\/title>\n<meta name=\"description\" content=\"At Amano Cabo we offer the best handmade craftsmanship by skilled mexican artisans. Discover it on Sunset Monalisa.\" \/>\n<meta name=\"robots\" content=\"index, follow, max-snippet:-1, max-image-preview:large, max-video-preview:-1\" \/>\n<link rel=\"canonical\" href=\"https:\/\/sunsetmonalisa.com\/es\/amano-cabo\/\" \/>\n<meta property=\"og:locale\" content=\"es_ES\" \/>\n<meta property=\"og:type\" content=\"article\" \/>\n<meta property=\"og:title\" content=\"SUNSET MONALISA | Amano Handmade Craftmanship\" \/>\n<meta property=\"og:description\" content=\"At Amano Cabo we offer the best handmade craftsmanship by skilled mexican artisans. Discover it on Sunset Monalisa.\" \/>\n<meta property=\"og:url\" content=\"https:\/\/sunsetmonalisa.com\/es\/amano-cabo\/\" \/>\n<meta property=\"og:site_name\" content=\"Sunset Monalisa\" \/>\n<meta property=\"article:publisher\" content=\"https:\/\/www.facebook.com\/SunsetMonalisa\/\" \/>\n<meta property=\"article:modified_time\" content=\"2024-12-13T16:31:22+00:00\" \/>\n<meta property=\"og:image\" content=\"https:\/\/sunsetmonalisa.com\/wp-content\/uploads\/2024\/08\/Sunset-Monalisa_Social-Card_Amano.jpg\" \/>\n\t<meta property=\"og:image:width\" content=\"900\" \/>\n\t<meta property=\"og:image:height\" content=\"525\" \/>\n\t<meta property=\"og:image:type\" content=\"image\/jpeg\" \/>\n<meta name=\"twitter:card\" content=\"summary_large_image\" \/>\n<meta name=\"twitter:title\" content=\"SUNSET MONALISA | Amano Handmade Craftmanship\" \/>\n<meta name=\"twitter:description\" content=\"At Amano Cabo we offer the best handmade craftsmanship by skilled mexican artisans. Discover it on Sunset Monalisa.\" \/>\n<meta name=\"twitter:image\" content=\"https:\/\/sunsetmonalisa.com\/wp-content\/uploads\/2024\/08\/Sunset-Monalisa_Social-Card_Amano.jpg\" \/>\n<meta name=\"twitter:label1\" content=\"Tiempo de lectura\" \/>\n\t<meta name=\"twitter:data1\" content=\"1 minuto\" \/>\n<script type=\"application\/ld+json\" class=\"yoast-schema-graph\">{\"@context\":\"https:\\\/\\\/schema.org\",\"@graph\":[{\"@type\":\"WebPage\",\"@id\":\"https:\\\/\\\/sunsetmonalisa.com\\\/es\\\/amano-cabo\\\/\",\"url\":\"https:\\\/\\\/sunsetmonalisa.com\\\/es\\\/amano-cabo\\\/\",\"name\":\"SUNSET MONALISA | Amano Handmade Craftmanship\",\"isPartOf\":{\"@id\":\"https:\\\/\\\/sunsetmonalisa.com\\\/es\\\/#website\"},\"primaryImageOfPage\":{\"@id\":\"https:\\\/\\\/sunsetmonalisa.com\\\/es\\\/amano-cabo\\\/#primaryimage\"},\"image\":{\"@id\":\"https:\\\/\\\/sunsetmonalisa.com\\\/es\\\/amano-cabo\\\/#primaryimage\"},\"thumbnailUrl\":\"https:\\\/\\\/sunsetmonalisa.com\\\/wp-content\\\/uploads\\\/2024\\\/08\\\/Sunset-Monalisa_Social-Card_Amano.jpg\",\"datePublished\":\"2024-07-30T00:25:20+00:00\",\"dateModified\":\"2024-12-13T16:31:22+00:00\",\"description\":\"At Amano Cabo we offer the best handmade craftsmanship by skilled mexican artisans. Discover it on Sunset Monalisa.\",\"breadcrumb\":{\"@id\":\"https:\\\/\\\/sunsetmonalisa.com\\\/es\\\/amano-cabo\\\/#breadcrumb\"},\"inLanguage\":\"es\",\"potentialAction\":[{\"@type\":\"ReadAction\",\"target\":[\"https:\\\/\\\/sunsetmonalisa.com\\\/es\\\/amano-cabo\\\/\"]}]},{\"@type\":\"ImageObject\",\"inLanguage\":\"es\",\"@id\":\"https:\\\/\\\/sunsetmonalisa.com\\\/es\\\/amano-cabo\\\/#primaryimage\",\"url\":\"https:\\\/\\\/sunsetmonalisa.com\\\/wp-content\\\/uploads\\\/2024\\\/08\\\/Sunset-Monalisa_Social-Card_Amano.jpg\",\"contentUrl\":\"https:\\\/\\\/sunsetmonalisa.com\\\/wp-content\\\/uploads\\\/2024\\\/08\\\/Sunset-Monalisa_Social-Card_Amano.jpg\",\"width\":900,\"height\":525},{\"@type\":\"BreadcrumbList\",\"@id\":\"https:\\\/\\\/sunsetmonalisa.com\\\/es\\\/amano-cabo\\\/#breadcrumb\",\"itemListElement\":[{\"@type\":\"ListItem\",\"position\":1,\"name\":\"Inicio\",\"item\":\"https:\\\/\\\/sunsetmonalisa.com\\\/es\\\/\"},{\"@type\":\"ListItem\",\"position\":2,\"name\":\"Amano Cabo\"}]},{\"@type\":\"WebSite\",\"@id\":\"https:\\\/\\\/sunsetmonalisa.com\\\/es\\\/#website\",\"url\":\"https:\\\/\\\/sunsetmonalisa.com\\\/es\\\/\",\"name\":\"Sunset Monalisa\",\"description\":\"A culinary delight\",\"publisher\":{\"@id\":\"https:\\\/\\\/sunsetmonalisa.com\\\/es\\\/#organization\"},\"potentialAction\":[{\"@type\":\"SearchAction\",\"target\":{\"@type\":\"EntryPoint\",\"urlTemplate\":\"https:\\\/\\\/sunsetmonalisa.com\\\/es\\\/?s={search_term_string}\"},\"query-input\":{\"@type\":\"PropertyValueSpecification\",\"valueRequired\":true,\"valueName\":\"search_term_string\"}}],\"inLanguage\":\"es\"},{\"@type\":\"Organization\",\"@id\":\"https:\\\/\\\/sunsetmonalisa.com\\\/es\\\/#organization\",\"name\":\"Sunset Monalisa\",\"url\":\"https:\\\/\\\/sunsetmonalisa.com\\\/es\\\/\",\"logo\":{\"@type\":\"ImageObject\",\"inLanguage\":\"es\",\"@id\":\"https:\\\/\\\/sunsetmonalisa.com\\\/es\\\/#\\\/schema\\\/logo\\\/image\\\/\",\"url\":\"https:\\\/\\\/sunsetmonalisa.com\\\/wp-content\\\/uploads\\\/2024\\\/07\\\/Sunset-Monalisa-favicon-2_1.png\",\"contentUrl\":\"https:\\\/\\\/sunsetmonalisa.com\\\/wp-content\\\/uploads\\\/2024\\\/07\\\/Sunset-Monalisa-favicon-2_1.png\",\"width\":512,\"height\":512,\"caption\":\"Sunset Monalisa\"},\"image\":{\"@id\":\"https:\\\/\\\/sunsetmonalisa.com\\\/es\\\/#\\\/schema\\\/logo\\\/image\\\/\"},\"sameAs\":[\"https:\\\/\\\/www.facebook.com\\\/SunsetMonalisa\\\/\",\"https:\\\/\\\/www.instagram.com\\\/sunsetmonalisa\\\/\",\"https:\\\/\\\/www.tiktok.com\\\/@sunset.monalisa\"]}]}<\/script>\n<!-- \/ Yoast SEO Premium plugin. -->","yoast_head_json":{"title":"SUNSET MONALISA | Amano Handmade Craftmanship","description":"At Amano Cabo we offer the best handmade craftsmanship by skilled mexican artisans. Discover it on Sunset Monalisa.","robots":{"index":"index","follow":"follow","max-snippet":"max-snippet:-1","max-image-preview":"max-image-preview:large","max-video-preview":"max-video-preview:-1"},"canonical":"https:\/\/sunsetmonalisa.com\/es\/amano-cabo\/","og_locale":"es_ES","og_type":"article","og_title":"SUNSET MONALISA | Amano Handmade Craftmanship","og_description":"At Amano Cabo we offer the best handmade craftsmanship by skilled mexican artisans. Discover it on Sunset Monalisa.","og_url":"https:\/\/sunsetmonalisa.com\/es\/amano-cabo\/","og_site_name":"Sunset Monalisa","article_publisher":"https:\/\/www.facebook.com\/SunsetMonalisa\/","article_modified_time":"2024-12-13T16:31:22+00:00","og_image":[{"width":900,"height":525,"url":"https:\/\/sunsetmonalisa.com\/wp-content\/uploads\/2024\/08\/Sunset-Monalisa_Social-Card_Amano.jpg","type":"image\/jpeg"}],"twitter_card":"summary_large_image","twitter_title":"SUNSET MONALISA | Amano Handmade Craftmanship","twitter_description":"At Amano Cabo we offer the best handmade craftsmanship by skilled mexican artisans. Discover it on Sunset Monalisa.","twitter_image":"https:\/\/sunsetmonalisa.com\/wp-content\/uploads\/2024\/08\/Sunset-Monalisa_Social-Card_Amano.jpg","twitter_misc":{"Tiempo de lectura":"1 minuto"},"schema":{"@context":"https:\/\/schema.org","@graph":[{"@type":"WebPage","@id":"https:\/\/sunsetmonalisa.com\/es\/amano-cabo\/","url":"https:\/\/sunsetmonalisa.com\/es\/amano-cabo\/","name":"SUNSET MONALISA | Amano Handmade Craftmanship","isPartOf":{"@id":"https:\/\/sunsetmonalisa.com\/es\/#website"},"primaryImageOfPage":{"@id":"https:\/\/sunsetmonalisa.com\/es\/amano-cabo\/#primaryimage"},"image":{"@id":"https:\/\/sunsetmonalisa.com\/es\/amano-cabo\/#primaryimage"},"thumbnailUrl":"https:\/\/sunsetmonalisa.com\/wp-content\/uploads\/2024\/08\/Sunset-Monalisa_Social-Card_Amano.jpg","datePublished":"2024-07-30T00:25:20+00:00","dateModified":"2024-12-13T16:31:22+00:00","description":"At Amano Cabo we offer the best handmade craftsmanship by skilled mexican artisans. Discover it on Sunset Monalisa.","breadcrumb":{"@id":"https:\/\/sunsetmonalisa.com\/es\/amano-cabo\/#breadcrumb"},"inLanguage":"es","potentialAction":[{"@type":"ReadAction","target":["https:\/\/sunsetmonalisa.com\/es\/amano-cabo\/"]}]},{"@type":"ImageObject","inLanguage":"es","@id":"https:\/\/sunsetmonalisa.com\/es\/amano-cabo\/#primaryimage","url":"https:\/\/sunsetmonalisa.com\/wp-content\/uploads\/2024\/08\/Sunset-Monalisa_Social-Card_Amano.jpg","contentUrl":"https:\/\/sunsetmonalisa.com\/wp-content\/uploads\/2024\/08\/Sunset-Monalisa_Social-Card_Amano.jpg","width":900,"height":525},{"@type":"BreadcrumbList","@id":"https:\/\/sunsetmonalisa.com\/es\/amano-cabo\/#breadcrumb","itemListElement":[{"@type":"ListItem","position":1,"name":"Inicio","item":"https:\/\/sunsetmonalisa.com\/es\/"},{"@type":"ListItem","position":2,"name":"Amano Cabo"}]},{"@type":"WebSite","@id":"https:\/\/sunsetmonalisa.com\/es\/#website","url":"https:\/\/sunsetmonalisa.com\/es\/","name":"Sunset Monalisa","description":"A culinary delight","publisher":{"@id":"https:\/\/sunsetmonalisa.com\/es\/#organization"},"potentialAction":[{"@type":"SearchAction","target":{"@type":"EntryPoint","urlTemplate":"https:\/\/sunsetmonalisa.com\/es\/?s={search_term_string}"},"query-input":{"@type":"PropertyValueSpecification","valueRequired":true,"valueName":"search_term_string"}}],"inLanguage":"es"},{"@type":"Organization","@id":"https:\/\/sunsetmonalisa.com\/es\/#organization","name":"Sunset Monalisa","url":"https:\/\/sunsetmonalisa.com\/es\/","logo":{"@type":"ImageObject","inLanguage":"es","@id":"https:\/\/sunsetmonalisa.com\/es\/#\/schema\/logo\/image\/","url":"https:\/\/sunsetmonalisa.com\/wp-content\/uploads\/2024\/07\/Sunset-Monalisa-favicon-2_1.png","contentUrl":"https:\/\/sunsetmonalisa.com\/wp-content\/uploads\/2024\/07\/Sunset-Monalisa-favicon-2_1.png","width":512,"height":512,"caption":"Sunset Monalisa"},"image":{"@id":"https:\/\/sunsetmonalisa.com\/es\/#\/schema\/logo\/image\/"},"sameAs":["https:\/\/www.facebook.com\/SunsetMonalisa\/","https:\/\/www.instagram.com\/sunsetmonalisa\/","https:\/\/www.tiktok.com\/@sunset.monalisa"]}]}},"_links":{"self":[{"href":"https:\/\/sunsetmonalisa.com\/es\/wp-json\/wp\/v2\/pages\/3461","targetHints":{"allow":["GET"]}}],"collection":[{"href":"https:\/\/sunsetmonalisa.com\/es\/wp-json\/wp\/v2\/pages"}],"about":[{"href":"https:\/\/sunsetmonalisa.com\/es\/wp-json\/wp\/v2\/types\/page"}],"author":[{"embeddable":true,"href":"https:\/\/sunsetmonalisa.com\/es\/wp-json\/wp\/v2\/users\/2"}],"replies":[{"embeddable":true,"href":"https:\/\/sunsetmonalisa.com\/es\/wp-json\/wp\/v2\/comments?post=3461"}],"version-history":[{"count":0,"href":"https:\/\/sunsetmonalisa.com\/es\/wp-json\/wp\/v2\/pages\/3461\/revisions"}],"wp:featuredmedia":[{"embeddable":true,"href":"https:\/\/sunsetmonalisa.com\/es\/wp-json\/wp\/v2\/media\/3231"}],"wp:attachment":[{"href":"https:\/\/sunsetmonalisa.com\/es\/wp-json\/wp\/v2\/media?parent=3461"}],"curies":[{"name":"wp","href":"https:\/\/api.w.org\/{rel}","templated":true}]}}