{"id":4111,"date":"2024-07-26T14:02:36","date_gmt":"2024-07-26T20:02:36","guid":{"rendered":"https:\/\/sunsetmonalisa.com\/corporate-events\/"},"modified":"2024-10-28T15:57:50","modified_gmt":"2024-10-28T21:57:50","slug":"corporate-events","status":"publish","type":"page","link":"https:\/\/sunsetmonalisa.com\/es\/corporate-events\/","title":{"rendered":"Corporate Events"},"content":{"rendered":"\t\t<div data-elementor-type=\"wp-page\" data-elementor-id=\"4111\" class=\"elementor elementor-4111 elementor-2183\" data-elementor-post-type=\"page\">\n\t\t\t\t<div class=\"elementor-element elementor-element-3dd53b6 e-con-full e-flex e-con e-parent\" data-id=\"3dd53b6\" data-element_type=\"container\" data-e-type=\"container\">\n\t\t\t\t<div class=\"elementor-element elementor-element-6de4120 elementor-widget elementor-widget-shortcode\" data-id=\"6de4120\" data-element_type=\"widget\" data-e-type=\"widget\" data-widget_type=\"shortcode.default\">\n\t\t\t\t<div class=\"elementor-widget-container\">\n\t\t\t\t\t\t\t<div class=\"elementor-shortcode\">\t\t<div data-elementor-type=\"page\" data-elementor-id=\"3304\" class=\"elementor elementor-3304 elementor-1929 elementor-1929\" data-elementor-post-type=\"elementor_library\">\n\t\t\t\t<div class=\"elementor-element elementor-element-31d3f08 e-con-full header-overlay e-flex e-con e-parent\" data-id=\"31d3f08\" data-element_type=\"container\" data-e-type=\"container\" data-settings=\"{&quot;background_background&quot;:&quot;classic&quot;}\">\n\t\t\t\t<div class=\"elementor-element elementor-element-e375ff0 elementor-widget__width-initial elementor-widget elementor-widget-heading\" data-id=\"e375ff0\" data-element_type=\"widget\" data-e-type=\"widget\" data-widget_type=\"heading.default\">\n\t\t\t\t<div class=\"elementor-widget-container\">\n\t\t\t\t\t<h2 class=\"elementor-heading-title elementor-size-default\">Incentivos y Eventos Corporativos\n<\/h2>\t\t\t\t<\/div>\n\t\t\t\t<\/div>\n\t\t\t\t<\/div>\n\t\t\t\t<\/div>\n\t\t<\/div>\n\t\t\t\t\t\t<\/div>\n\t\t\t\t<\/div>\n\t\t\t\t<\/div>\n\t\t<div class=\"elementor-element elementor-element-5ba16e7 e-flex e-con-boxed e-con e-parent\" data-id=\"5ba16e7\" data-element_type=\"container\" data-e-type=\"container\">\n\t\t\t\t\t<div class=\"e-con-inner\">\n\t\t\t\t<div class=\"elementor-element elementor-element-af7b03d elementor-widget elementor-widget-heading\" data-id=\"af7b03d\" data-element_type=\"widget\" data-e-type=\"widget\" data-widget_type=\"heading.default\">\n\t\t\t\t<div class=\"elementor-widget-container\">\n\t\t\t\t\t<h3 class=\"elementor-heading-title elementor-size-default\">Eventos Corporativos<\/h3>\t\t\t\t<\/div>\n\t\t\t\t<\/div>\n\t\t\t\t\t<\/div>\n\t\t\t\t<\/div>\n\t\t<div class=\"elementor-element elementor-element-eec8fe6 e-flex e-con-boxed e-con e-parent\" data-id=\"eec8fe6\" data-element_type=\"container\" data-e-type=\"container\">\n\t\t\t\t\t<div class=\"e-con-inner\">\n\t\t\t\t<div class=\"elementor-element elementor-element-886712b elementor-widget elementor-widget-shortcode\" data-id=\"886712b\" data-element_type=\"widget\" data-e-type=\"widget\" data-widget_type=\"shortcode.default\">\n\t\t\t\t<div class=\"elementor-widget-container\">\n\t\t\t\t\t\t\t<div class=\"elementor-shortcode\">\t\t<div data-elementor-type=\"page\" data-elementor-id=\"3311\" class=\"elementor elementor-3311 elementor-1912 elementor-1912\" data-elementor-post-type=\"elementor_library\">\n\t\t\t\t<div class=\"elementor-element elementor-element-075764c e-flex e-con-boxed e-con e-parent\" data-id=\"075764c\" data-element_type=\"container\" data-e-type=\"container\">\n\t\t\t\t\t<div class=\"e-con-inner\">\n\t\t<div class=\"elementor-element elementor-element-9ba1e1e e-con-full e-flex e-con e-child\" data-id=\"9ba1e1e\" data-element_type=\"container\" data-e-type=\"container\">\n\t\t\t\t<div class=\"elementor-element elementor-element-b2687c5 elementor-widget__width-initial elementor-widget elementor-widget-heading\" data-id=\"b2687c5\" data-element_type=\"widget\" data-e-type=\"widget\" data-widget_type=\"heading.default\">\n\t\t\t\t<div class=\"elementor-widget-container\">\n\t\t\t\t\t<h2 class=\"elementor-heading-title elementor-size-default\">Grupos y Eventos de Corporativos<\/h2>\t\t\t\t<\/div>\n\t\t\t\t<\/div>\n\t\t\t\t<div class=\"elementor-element elementor-element-ebd27b8 elementor-widget__width-initial elementor-widget elementor-widget-text-editor\" data-id=\"ebd27b8\" data-element_type=\"widget\" data-e-type=\"widget\" data-widget_type=\"text-editor.default\">\n\t\t\t\t<div class=\"elementor-widget-container\">\n\t\t\t\t\t\t\t\t\t<p>Nuestros eventos corporativos son igualmente populares, donde el exquisito entorno y la exquisita gastronom\u00eda contribuyen a crear un ambiente agradable. Sunset Monalisa es el lugar ideal para <strong>su evento corporativo en Los Cabos<\/strong>.<\/p>\t\t\t\t\t\t\t\t<\/div>\n\t\t\t\t<\/div>\n\t\t\t\t<div class=\"elementor-element elementor-element-3d4d0e3 elementor-align-center elementor-mobile-align-center elementor-widget-mobile__width-inherit elementor-widget elementor-widget-button\" data-id=\"3d4d0e3\" data-element_type=\"widget\" data-e-type=\"widget\" data-widget_type=\"button.default\">\n\t\t\t\t<div class=\"elementor-widget-container\">\n\t\t\t\t\t\t\t\t\t<div class=\"elementor-button-wrapper\">\n\t\t\t\t\t<a class=\"elementor-button elementor-button-link elementor-size-sm\" href=\"https:\/\/sunsetmonalisa.com\/es\/formulario-iframe-corporate\/\">\n\t\t\t\t\t\t<span class=\"elementor-button-content-wrapper\">\n\t\t\t\t\t\t\t\t\t<span class=\"elementor-button-text\">Cont\u00e1ctenos<\/span>\n\t\t\t\t\t<\/span>\n\t\t\t\t\t<\/a>\n\t\t\t\t<\/div>\n\t\t\t\t\t\t\t\t<\/div>\n\t\t\t\t<\/div>\n\t\t\t\t<\/div>\n\t\t<div class=\"elementor-element elementor-element-493dae2 e-con-full e-flex e-con e-child\" data-id=\"493dae2\" data-element_type=\"container\" data-e-type=\"container\">\n\t\t\t\t<div class=\"elementor-element elementor-element-c24376c elementor-widget elementor-widget-image\" data-id=\"c24376c\" data-element_type=\"widget\" data-e-type=\"widget\" data-widget_type=\"image.default\">\n\t\t\t\t<div class=\"elementor-widget-container\">\n\t\t\t\t\t\t\t\t\t\t\t\t\t\t\t<img loading=\"lazy\" decoding=\"async\" width=\"800\" height=\"611\" src=\"https:\/\/sunsetmonalisa.com\/wp-content\/uploads\/2024\/07\/Sunset-Monalisa-image-2_events-4.jpg\" class=\"attachment-full size-full wp-image-3152\" alt=\"\" srcset=\"https:\/\/sunsetmonalisa.com\/wp-content\/uploads\/2024\/07\/Sunset-Monalisa-image-2_events-4.jpg 800w, https:\/\/sunsetmonalisa.com\/wp-content\/uploads\/2024\/07\/Sunset-Monalisa-image-2_events-4-300x229.jpg 300w, https:\/\/sunsetmonalisa.com\/wp-content\/uploads\/2024\/07\/Sunset-Monalisa-image-2_events-4-768x587.jpg 768w\" sizes=\"auto, (max-width: 800px) 100vw, 800px\" \/>\t\t\t\t\t\t\t\t\t\t\t\t\t\t\t<\/div>\n\t\t\t\t<\/div>\n\t\t\t\t<\/div>\n\t\t<div class=\"elementor-element elementor-element-2ebb9f4 e-con-full e-flex e-con e-child\" data-id=\"2ebb9f4\" data-element_type=\"container\" data-e-type=\"container\">\n\t\t\t\t<div class=\"elementor-element elementor-element-5271237 elementor-widget elementor-widget-image\" data-id=\"5271237\" data-element_type=\"widget\" data-e-type=\"widget\" data-widget_type=\"image.default\">\n\t\t\t\t<div class=\"elementor-widget-container\">\n\t\t\t\t\t\t\t\t\t\t\t\t\t\t\t<img loading=\"lazy\" decoding=\"async\" width=\"800\" height=\"611\" src=\"https:\/\/sunsetmonalisa.com\/wp-content\/uploads\/2024\/07\/Sunset-Monalisa-image-2_events-3.jpg\" class=\"attachment-full size-full wp-image-3151\" alt=\"\" srcset=\"https:\/\/sunsetmonalisa.com\/wp-content\/uploads\/2024\/07\/Sunset-Monalisa-image-2_events-3.jpg 800w, https:\/\/sunsetmonalisa.com\/wp-content\/uploads\/2024\/07\/Sunset-Monalisa-image-2_events-3-300x229.jpg 300w, https:\/\/sunsetmonalisa.com\/wp-content\/uploads\/2024\/07\/Sunset-Monalisa-image-2_events-3-768x587.jpg 768w\" sizes=\"auto, (max-width: 800px) 100vw, 800px\" \/>\t\t\t\t\t\t\t\t\t\t\t\t\t\t\t<\/div>\n\t\t\t\t<\/div>\n\t\t\t\t<\/div>\n\t\t<div class=\"elementor-element elementor-element-d22ac95 e-con-full e-flex e-con e-child\" data-id=\"d22ac95\" data-element_type=\"container\" data-e-type=\"container\">\n\t\t\t\t<div class=\"elementor-element elementor-element-f59b0ae elementor-widget__width-initial elementor-widget elementor-widget-text-editor\" data-id=\"f59b0ae\" data-element_type=\"widget\" data-e-type=\"widget\" data-widget_type=\"text-editor.default\">\n\t\t\t\t<div class=\"elementor-widget-container\">\n\t\t\t\t\t\t\t\t\t<p>Sus eventos corporativos ser\u00e1n todo un \u00e9xito en el restaurante m\u00e1s popular de San Lucas. En Sunset Monalisa, el servicio supera las expectativas con cocina gourmet internacional elaborada con ingredientes locales e importados que deleitan el paladar y los sentidos. Los servicios corporativos incluyen un bar independiente y terrazas para c\u00f3cteles, valet parking y acceso a transporte.<\/p>\t\t\t\t\t\t\t\t<\/div>\n\t\t\t\t<\/div>\n\t\t\t\t<\/div>\n\t\t\t\t\t<\/div>\n\t\t\t\t<\/div>\n\t\t\t\t<\/div>\n\t\t<\/div>\n\t\t\t\t\t\t<\/div>\n\t\t\t\t<\/div>\n\t\t\t\t\t<\/div>\n\t\t\t\t<\/div>\n\t\t<div class=\"elementor-element elementor-element-94127e1 e-flex e-con-boxed e-con e-parent\" data-id=\"94127e1\" data-element_type=\"container\" data-e-type=\"container\" data-settings=\"{&quot;background_background&quot;:&quot;gradient&quot;}\">\n\t\t\t\t\t<div class=\"e-con-inner\">\n\t\t\t\t<div class=\"elementor-element elementor-element-2768dcc8 elementor-widget__width-initial elementor-widget elementor-widget-heading\" data-id=\"2768dcc8\" data-element_type=\"widget\" data-e-type=\"widget\" data-widget_type=\"heading.default\">\n\t\t\t\t<div class=\"elementor-widget-container\">\n\t\t\t\t\t<h2 class=\"elementor-heading-title elementor-size-default\">Esta es la mejor experiencia gastron\u00f3mica en Cabo San Lucas<\/h2>\t\t\t\t<\/div>\n\t\t\t\t<\/div>\n\t\t\t\t<div class=\"elementor-element elementor-element-7a8d0786 elementor-arrows-position-outside elementor-widget__width-initial elementor-widget-mobile__width-inherit elementor-widget elementor-widget-image-carousel\" data-id=\"7a8d0786\" data-element_type=\"widget\" data-e-type=\"widget\" data-settings=\"{&quot;slides_to_show&quot;:&quot;1&quot;,&quot;navigation&quot;:&quot;arrows&quot;,&quot;autoplay&quot;:&quot;yes&quot;,&quot;pause_on_hover&quot;:&quot;yes&quot;,&quot;pause_on_interaction&quot;:&quot;yes&quot;,&quot;autoplay_speed&quot;:5000,&quot;infinite&quot;:&quot;yes&quot;,&quot;effect&quot;:&quot;slide&quot;,&quot;speed&quot;:500}\" data-widget_type=\"image-carousel.default\">\n\t\t\t\t<div class=\"elementor-widget-container\">\n\t\t\t\t\t\t\t<div class=\"elementor-image-carousel-wrapper swiper\" role=\"region\" aria-roledescription=\"carousel\" aria-label=\"Carrusel de im\u00e1genes\" dir=\"ltr\">\n\t\t\t<div class=\"elementor-image-carousel swiper-wrapper\" aria-live=\"off\">\n\t\t\t\t\t\t\t\t<div class=\"swiper-slide\" role=\"group\" aria-roledescription=\"slide\" aria-label=\"1 de 3\"><figure class=\"swiper-slide-inner\"><img decoding=\"async\" class=\"swiper-slide-image\" src=\"https:\/\/sunsetmonalisa.com\/wp-content\/uploads\/2024\/08\/Sunset-Monalisa-gallery-3_02-1.jpg\" alt=\"Sunset-Monalisa-gallery-3_02.jpg\" \/><\/figure><\/div><div class=\"swiper-slide\" role=\"group\" aria-roledescription=\"slide\" aria-label=\"2 de 3\"><figure class=\"swiper-slide-inner\"><img decoding=\"async\" class=\"swiper-slide-image\" src=\"https:\/\/sunsetmonalisa.com\/wp-content\/uploads\/2024\/08\/Sunset-Monalisa-gallery-3_03-1.jpg\" alt=\"Sunset-Monalisa-gallery-3_03.jpg\" \/><\/figure><\/div><div class=\"swiper-slide\" role=\"group\" aria-roledescription=\"slide\" aria-label=\"3 de 3\"><figure class=\"swiper-slide-inner\"><img decoding=\"async\" class=\"swiper-slide-image\" src=\"https:\/\/sunsetmonalisa.com\/wp-content\/uploads\/2024\/08\/Sunset-Monalisa-gallery-3_01-1.jpg\" alt=\"Sunset-Monalisa-gallery-3_01.jpg\" \/><\/figure><\/div>\t\t\t<\/div>\n\t\t\t\t\t\t\t\t\t\t\t\t<div class=\"elementor-swiper-button elementor-swiper-button-prev\" role=\"button\" tabindex=\"0\">\n\t\t\t\t\t\t<svg xmlns=\"http:\/\/www.w3.org\/2000\/svg\" id=\"Layer_1\" data-name=\"Layer 1\" viewBox=\"0 0 29 58\"><defs><style>.hv0{fill:#e42700;}.st2{fill:#fff;}.st4{fill:#162b46;}<\/style><\/defs><title>Artboard 33<\/title><g id=\"btn1\"><path class=\"hv0\" d=\"M0,58A29,29,0,0,0,0,0Z\"><\/path><path class=\"st2\" d=\"M29,29A29,29,0,0,0,0,0V2A27,27,0,0,1,27,29,27,27,0,0,1,0,56v2A29,29,0,0,0,29,29Z\"><\/path><polygon class=\"st2\" points=\"8.3 29 13.8 22.7 12.2 21.3 6.2 28.3 5.7 29 6.2 29.7 12.2 36.7 13.8 35.3 8.3 29\"><\/polygon><\/g><g id=\"bth1\"><path class=\"st2\" d=\"M0,58A29,29,0,0,0,0,0Z\"><\/path><polygon class=\"st4\" points=\"8.3 29 13.8 22.7 12.2 21.3 6.2 28.3 5.7 29 6.2 29.7 12.2 36.7 13.8 35.3 8.3 29\"><\/polygon><\/g><\/svg>\t\t\t\t\t<\/div>\n\t\t\t\t\t<div class=\"elementor-swiper-button elementor-swiper-button-next\" role=\"button\" tabindex=\"0\">\n\t\t\t\t\t\t<svg xmlns=\"http:\/\/www.w3.org\/2000\/svg\" id=\"Layer_1\" data-name=\"Layer 1\" viewBox=\"0 0 29 58\"><defs><style>.hv0{fill:#e42700;}.st2{fill:#fff;}.st4{fill:#162b46;}<\/style><\/defs><title>Artboard 2<\/title><g id=\"btn1\"><path class=\"hv0\" d=\"M29,0a29,29,0,0,0,0,58Z\"><\/path><path class=\"st2\" d=\"M29,58V56A27,27,0,0,1,29,2V0a29,29,0,0,0,0,58Z\"><\/path><polygon class=\"st2\" points=\"15.2 35.3 16.8 36.7 22.8 29.7 23.3 29 22.8 28.3 16.8 21.3 15.2 22.7 20.7 29 15.2 35.3\"><\/polygon><\/g><g id=\"bth1\"><path class=\"st2\" d=\"M29,0a29,29,0,0,0,0,58Z\"><\/path><polygon class=\"st4\" points=\"15.2 35.3 16.8 36.7 22.8 29.7 23.3 29 22.8 28.3 16.8 21.3 15.2 22.7 20.7 29 15.2 35.3\"><\/polygon><\/g><\/svg>\t\t\t\t\t<\/div>\n\t\t\t\t\n\t\t\t\t\t\t\t\t\t<\/div>\n\t\t\t\t\t\t<\/div>\n\t\t\t\t<\/div>\n\t\t\t\t\t<\/div>\n\t\t\t\t<\/div>\n\t\t\t\t<\/div>\n\t\t","protected":false},"excerpt":{"rendered":"<p>Eventos Corporativos Esta es la mejor experiencia gastron\u00f3mica en Cabo San Lucas Artboard 33 Artboard 2<\/p>\n","protected":false},"author":2,"featured_media":0,"parent":0,"menu_order":0,"comment_status":"closed","ping_status":"closed","template":"","meta":{"site-sidebar-layout":"no-sidebar","site-content-layout":"","ast-site-content-layout":"full-width-container","site-content-style":"default","site-sidebar-style":"default","ast-global-header-display":"","ast-banner-title-visibility":"","ast-main-header-display":"","ast-hfb-above-header-display":"","ast-hfb-below-header-display":"","ast-hfb-mobile-header-display":"","site-post-title":"disabled","ast-breadcrumbs-content":"","ast-featured-img":"disabled","footer-sml-layout":"","ast-disable-related-posts":"","theme-transparent-header-meta":"default","adv-header-id-meta":"","stick-header-meta":"","header-above-stick-meta":"","header-main-stick-meta":"","header-below-stick-meta":"","astra-migrate-meta-layouts":"set","ast-page-background-enabled":"default","ast-page-background-meta":{"desktop":{"background-color":"var(--ast-global-color-4)","background-image":"","background-repeat":"repeat","background-position":"center center","background-size":"auto","background-attachment":"scroll","background-type":"","background-media":"","overlay-type":"","overlay-color":"","overlay-opacity":"","overlay-gradient":""},"tablet":{"background-color":"","background-image":"","background-repeat":"repeat","background-position":"center center","background-size":"auto","background-attachment":"scroll","background-type":"","background-media":"","overlay-type":"","overlay-color":"","overlay-opacity":"","overlay-gradient":""},"mobile":{"background-color":"","background-image":"","background-repeat":"repeat","background-position":"center center","background-size":"auto","background-attachment":"scroll","background-type":"","background-media":"","overlay-type":"","overlay-color":"","overlay-opacity":"","overlay-gradient":""}},"ast-content-background-meta":{"desktop":{"background-color":"var(--ast-global-color-5)","background-image":"","background-repeat":"repeat","background-position":"center center","background-size":"auto","background-attachment":"scroll","background-type":"","background-media":"","overlay-type":"","overlay-color":"","overlay-opacity":"","overlay-gradient":""},"tablet":{"background-color":"var(--ast-global-color-5)","background-image":"","background-repeat":"repeat","background-position":"center center","background-size":"auto","background-attachment":"scroll","background-type":"","background-media":"","overlay-type":"","overlay-color":"","overlay-opacity":"","overlay-gradient":""},"mobile":{"background-color":"var(--ast-global-color-5)","background-image":"","background-repeat":"repeat","background-position":"center center","background-size":"auto","background-attachment":"scroll","background-type":"","background-media":"","overlay-type":"","overlay-color":"","overlay-opacity":"","overlay-gradient":""}},"footnotes":""},"class_list":["post-4111","page","type-page","status-publish","hentry"],"yoast_head":"<!-- This site is optimized with the Yoast SEO Premium plugin v27.4 (Yoast SEO v27.4) - https:\/\/yoast.com\/product\/yoast-seo-premium-wordpress\/ -->\n<title>Corporate Events | Sunset Monalisa<\/title>\n<meta name=\"description\" content=\"Corporate Events\" \/>\n<meta name=\"robots\" content=\"index, follow, max-snippet:-1, max-image-preview:large, max-video-preview:-1\" \/>\n<link rel=\"canonical\" href=\"https:\/\/sunsetmonalisa.com\/es\/corporate-events\/\" \/>\n<meta property=\"og:locale\" content=\"es_ES\" \/>\n<meta property=\"og:type\" content=\"article\" \/>\n<meta property=\"og:title\" content=\"Corporate Events\" \/>\n<meta property=\"og:description\" content=\"Corporate Events\" \/>\n<meta property=\"og:url\" content=\"https:\/\/sunsetmonalisa.com\/es\/corporate-events\/\" \/>\n<meta property=\"og:site_name\" content=\"Sunset Monalisa\" \/>\n<meta property=\"article:publisher\" content=\"https:\/\/www.facebook.com\/SunsetMonalisa\/\" \/>\n<meta property=\"article:modified_time\" content=\"2024-10-28T21:57:50+00:00\" \/>\n<meta property=\"og:image\" content=\"https:\/\/sunsetmonalisa.com\/wp-content\/uploads\/2024\/08\/Sunset-Monalisa-gallery-3_02-1.jpg\" \/>\n<meta name=\"twitter:card\" content=\"summary_large_image\" \/>\n<meta name=\"twitter:label1\" content=\"Tiempo de lectura\" \/>\n\t<meta name=\"twitter:data1\" content=\"2 minutos\" \/>\n<script type=\"application\/ld+json\" class=\"yoast-schema-graph\">{\"@context\":\"https:\\\/\\\/schema.org\",\"@graph\":[{\"@type\":\"WebPage\",\"@id\":\"https:\\\/\\\/sunsetmonalisa.com\\\/es\\\/corporate-events\\\/\",\"url\":\"https:\\\/\\\/sunsetmonalisa.com\\\/es\\\/corporate-events\\\/\",\"name\":\"Corporate Events | Sunset Monalisa\",\"isPartOf\":{\"@id\":\"https:\\\/\\\/sunsetmonalisa.com\\\/es\\\/#website\"},\"primaryImageOfPage\":{\"@id\":\"https:\\\/\\\/sunsetmonalisa.com\\\/es\\\/corporate-events\\\/#primaryimage\"},\"image\":{\"@id\":\"https:\\\/\\\/sunsetmonalisa.com\\\/es\\\/corporate-events\\\/#primaryimage\"},\"thumbnailUrl\":\"https:\\\/\\\/sunsetmonalisa.com\\\/wp-content\\\/uploads\\\/2024\\\/08\\\/Sunset-Monalisa-gallery-3_02-1.jpg\",\"datePublished\":\"2024-07-26T20:02:36+00:00\",\"dateModified\":\"2024-10-28T21:57:50+00:00\",\"description\":\"Corporate Events\",\"breadcrumb\":{\"@id\":\"https:\\\/\\\/sunsetmonalisa.com\\\/es\\\/corporate-events\\\/#breadcrumb\"},\"inLanguage\":\"es\",\"potentialAction\":[{\"@type\":\"ReadAction\",\"target\":[\"https:\\\/\\\/sunsetmonalisa.com\\\/es\\\/corporate-events\\\/\"]}]},{\"@type\":\"ImageObject\",\"inLanguage\":\"es\",\"@id\":\"https:\\\/\\\/sunsetmonalisa.com\\\/es\\\/corporate-events\\\/#primaryimage\",\"url\":\"https:\\\/\\\/sunsetmonalisa.com\\\/wp-content\\\/uploads\\\/2024\\\/08\\\/Sunset-Monalisa-gallery-3_02-1.jpg\",\"contentUrl\":\"https:\\\/\\\/sunsetmonalisa.com\\\/wp-content\\\/uploads\\\/2024\\\/08\\\/Sunset-Monalisa-gallery-3_02-1.jpg\"},{\"@type\":\"BreadcrumbList\",\"@id\":\"https:\\\/\\\/sunsetmonalisa.com\\\/es\\\/corporate-events\\\/#breadcrumb\",\"itemListElement\":[{\"@type\":\"ListItem\",\"position\":1,\"name\":\"Inicio\",\"item\":\"https:\\\/\\\/sunsetmonalisa.com\\\/es\\\/\"},{\"@type\":\"ListItem\",\"position\":2,\"name\":\"Corporate Events\"}]},{\"@type\":\"WebSite\",\"@id\":\"https:\\\/\\\/sunsetmonalisa.com\\\/es\\\/#website\",\"url\":\"https:\\\/\\\/sunsetmonalisa.com\\\/es\\\/\",\"name\":\"Sunset Monalisa\",\"description\":\"A culinary delight\",\"publisher\":{\"@id\":\"https:\\\/\\\/sunsetmonalisa.com\\\/es\\\/#organization\"},\"potentialAction\":[{\"@type\":\"SearchAction\",\"target\":{\"@type\":\"EntryPoint\",\"urlTemplate\":\"https:\\\/\\\/sunsetmonalisa.com\\\/es\\\/?s={search_term_string}\"},\"query-input\":{\"@type\":\"PropertyValueSpecification\",\"valueRequired\":true,\"valueName\":\"search_term_string\"}}],\"inLanguage\":\"es\"},{\"@type\":\"Organization\",\"@id\":\"https:\\\/\\\/sunsetmonalisa.com\\\/es\\\/#organization\",\"name\":\"Sunset Monalisa\",\"url\":\"https:\\\/\\\/sunsetmonalisa.com\\\/es\\\/\",\"logo\":{\"@type\":\"ImageObject\",\"inLanguage\":\"es\",\"@id\":\"https:\\\/\\\/sunsetmonalisa.com\\\/es\\\/#\\\/schema\\\/logo\\\/image\\\/\",\"url\":\"https:\\\/\\\/sunsetmonalisa.com\\\/wp-content\\\/uploads\\\/2024\\\/07\\\/Sunset-Monalisa-favicon-2_1.png\",\"contentUrl\":\"https:\\\/\\\/sunsetmonalisa.com\\\/wp-content\\\/uploads\\\/2024\\\/07\\\/Sunset-Monalisa-favicon-2_1.png\",\"width\":512,\"height\":512,\"caption\":\"Sunset Monalisa\"},\"image\":{\"@id\":\"https:\\\/\\\/sunsetmonalisa.com\\\/es\\\/#\\\/schema\\\/logo\\\/image\\\/\"},\"sameAs\":[\"https:\\\/\\\/www.facebook.com\\\/SunsetMonalisa\\\/\",\"https:\\\/\\\/www.instagram.com\\\/sunsetmonalisa\\\/\",\"https:\\\/\\\/www.tiktok.com\\\/@sunset.monalisa\"]}]}<\/script>\n<!-- \/ Yoast SEO Premium plugin. -->","yoast_head_json":{"title":"Corporate Events | Sunset Monalisa","description":"Corporate Events","robots":{"index":"index","follow":"follow","max-snippet":"max-snippet:-1","max-image-preview":"max-image-preview:large","max-video-preview":"max-video-preview:-1"},"canonical":"https:\/\/sunsetmonalisa.com\/es\/corporate-events\/","og_locale":"es_ES","og_type":"article","og_title":"Corporate Events","og_description":"Corporate Events","og_url":"https:\/\/sunsetmonalisa.com\/es\/corporate-events\/","og_site_name":"Sunset Monalisa","article_publisher":"https:\/\/www.facebook.com\/SunsetMonalisa\/","article_modified_time":"2024-10-28T21:57:50+00:00","og_image":[{"url":"https:\/\/sunsetmonalisa.com\/wp-content\/uploads\/2024\/08\/Sunset-Monalisa-gallery-3_02-1.jpg","type":"","width":"","height":""}],"twitter_card":"summary_large_image","twitter_misc":{"Tiempo de lectura":"2 minutos"},"schema":{"@context":"https:\/\/schema.org","@graph":[{"@type":"WebPage","@id":"https:\/\/sunsetmonalisa.com\/es\/corporate-events\/","url":"https:\/\/sunsetmonalisa.com\/es\/corporate-events\/","name":"Corporate Events | Sunset Monalisa","isPartOf":{"@id":"https:\/\/sunsetmonalisa.com\/es\/#website"},"primaryImageOfPage":{"@id":"https:\/\/sunsetmonalisa.com\/es\/corporate-events\/#primaryimage"},"image":{"@id":"https:\/\/sunsetmonalisa.com\/es\/corporate-events\/#primaryimage"},"thumbnailUrl":"https:\/\/sunsetmonalisa.com\/wp-content\/uploads\/2024\/08\/Sunset-Monalisa-gallery-3_02-1.jpg","datePublished":"2024-07-26T20:02:36+00:00","dateModified":"2024-10-28T21:57:50+00:00","description":"Corporate Events","breadcrumb":{"@id":"https:\/\/sunsetmonalisa.com\/es\/corporate-events\/#breadcrumb"},"inLanguage":"es","potentialAction":[{"@type":"ReadAction","target":["https:\/\/sunsetmonalisa.com\/es\/corporate-events\/"]}]},{"@type":"ImageObject","inLanguage":"es","@id":"https:\/\/sunsetmonalisa.com\/es\/corporate-events\/#primaryimage","url":"https:\/\/sunsetmonalisa.com\/wp-content\/uploads\/2024\/08\/Sunset-Monalisa-gallery-3_02-1.jpg","contentUrl":"https:\/\/sunsetmonalisa.com\/wp-content\/uploads\/2024\/08\/Sunset-Monalisa-gallery-3_02-1.jpg"},{"@type":"BreadcrumbList","@id":"https:\/\/sunsetmonalisa.com\/es\/corporate-events\/#breadcrumb","itemListElement":[{"@type":"ListItem","position":1,"name":"Inicio","item":"https:\/\/sunsetmonalisa.com\/es\/"},{"@type":"ListItem","position":2,"name":"Corporate Events"}]},{"@type":"WebSite","@id":"https:\/\/sunsetmonalisa.com\/es\/#website","url":"https:\/\/sunsetmonalisa.com\/es\/","name":"Sunset Monalisa","description":"A culinary delight","publisher":{"@id":"https:\/\/sunsetmonalisa.com\/es\/#organization"},"potentialAction":[{"@type":"SearchAction","target":{"@type":"EntryPoint","urlTemplate":"https:\/\/sunsetmonalisa.com\/es\/?s={search_term_string}"},"query-input":{"@type":"PropertyValueSpecification","valueRequired":true,"valueName":"search_term_string"}}],"inLanguage":"es"},{"@type":"Organization","@id":"https:\/\/sunsetmonalisa.com\/es\/#organization","name":"Sunset Monalisa","url":"https:\/\/sunsetmonalisa.com\/es\/","logo":{"@type":"ImageObject","inLanguage":"es","@id":"https:\/\/sunsetmonalisa.com\/es\/#\/schema\/logo\/image\/","url":"https:\/\/sunsetmonalisa.com\/wp-content\/uploads\/2024\/07\/Sunset-Monalisa-favicon-2_1.png","contentUrl":"https:\/\/sunsetmonalisa.com\/wp-content\/uploads\/2024\/07\/Sunset-Monalisa-favicon-2_1.png","width":512,"height":512,"caption":"Sunset Monalisa"},"image":{"@id":"https:\/\/sunsetmonalisa.com\/es\/#\/schema\/logo\/image\/"},"sameAs":["https:\/\/www.facebook.com\/SunsetMonalisa\/","https:\/\/www.instagram.com\/sunsetmonalisa\/","https:\/\/www.tiktok.com\/@sunset.monalisa"]}]}},"_links":{"self":[{"href":"https:\/\/sunsetmonalisa.com\/es\/wp-json\/wp\/v2\/pages\/4111","targetHints":{"allow":["GET"]}}],"collection":[{"href":"https:\/\/sunsetmonalisa.com\/es\/wp-json\/wp\/v2\/pages"}],"about":[{"href":"https:\/\/sunsetmonalisa.com\/es\/wp-json\/wp\/v2\/types\/page"}],"author":[{"embeddable":true,"href":"https:\/\/sunsetmonalisa.com\/es\/wp-json\/wp\/v2\/users\/2"}],"replies":[{"embeddable":true,"href":"https:\/\/sunsetmonalisa.com\/es\/wp-json\/wp\/v2\/comments?post=4111"}],"version-history":[{"count":0,"href":"https:\/\/sunsetmonalisa.com\/es\/wp-json\/wp\/v2\/pages\/4111\/revisions"}],"wp:attachment":[{"href":"https:\/\/sunsetmonalisa.com\/es\/wp-json\/wp\/v2\/media?parent=4111"}],"curies":[{"name":"wp","href":"https:\/\/api.w.org\/{rel}","templated":true}]}}