{"id":4991,"date":"2024-08-16T09:29:41","date_gmt":"2024-08-16T15:29:41","guid":{"rendered":"https:\/\/sunsetmonalisa.com\/?page_id=4991"},"modified":"2024-08-16T16:15:30","modified_gmt":"2024-08-16T22:15:30","slug":"book_now","status":"publish","type":"page","link":"https:\/\/sunsetmonalisa.com\/es\/book_now\/","title":{"rendered":"Reservar Ahora"},"content":{"rendered":"\t\t<div data-elementor-type=\"wp-page\" data-elementor-id=\"4991\" class=\"elementor elementor-4991 elementor-4990\" data-elementor-post-type=\"page\">\n\t\t\t\t<div class=\"elementor-element elementor-element-a29e570 e-flex e-con-boxed e-con e-parent\" data-id=\"a29e570\" data-element_type=\"container\" data-e-type=\"container\" data-settings=\"{&quot;background_background&quot;:&quot;classic&quot;}\">\n\t\t\t\t\t<div class=\"e-con-inner\">\n\t\t\t\t<div class=\"elementor-element elementor-element-ad098a6 elementor-widget elementor-widget-heading\" data-id=\"ad098a6\" data-element_type=\"widget\" data-e-type=\"widget\" data-widget_type=\"heading.default\">\n\t\t\t\t<div class=\"elementor-widget-container\">\n\t\t\t\t\t<h2 class=\"elementor-heading-title elementor-size-default\">Reservar Ahora tu Evento<\/h2>\t\t\t\t<\/div>\n\t\t\t\t<\/div>\n\t\t\t\t\t<\/div>\n\t\t\t\t<\/div>\n\t\t<div class=\"elementor-element elementor-element-f3e64a4 e-flex e-con-boxed e-con e-parent\" data-id=\"f3e64a4\" data-element_type=\"container\" data-e-type=\"container\">\n\t\t\t\t\t<div class=\"e-con-inner\">\n\t\t\t\t<div class=\"elementor-element elementor-element-3494f96 elementor-widget elementor-widget-html\" data-id=\"3494f96\" data-element_type=\"widget\" data-e-type=\"widget\" data-widget_type=\"html.default\">\n\t\t\t\t<div class=\"elementor-widget-container\">\n\t\t\t\t\t<iframe loading=\"lazy\" src=\"https:\/\/app.eventtemple.com\/lead_intakes\/4e1906920bec4b7fe0718c5b9c113580\/3672\/new\" width=\"100%\" height=\"800em\" frameborder=\"0\" allowfullscreen><\/iframe>\t\t\t\t<\/div>\n\t\t\t\t<\/div>\n\t\t\t\t\t<\/div>\n\t\t\t\t<\/div>\n\t\t\t\t<\/div>\n\t\t","protected":false},"excerpt":{"rendered":"<p>Reservar Ahora tu Evento<\/p>\n","protected":false},"author":2,"featured_media":3232,"parent":0,"menu_order":0,"comment_status":"closed","ping_status":"closed","template":"","meta":{"site-sidebar-layout":"no-sidebar","site-content-layout":"","ast-site-content-layout":"full-width-container","site-content-style":"default","site-sidebar-style":"default","ast-global-header-display":"","ast-banner-title-visibility":"","ast-main-header-display":"","ast-hfb-above-header-display":"","ast-hfb-below-header-display":"","ast-hfb-mobile-header-display":"","site-post-title":"disabled","ast-breadcrumbs-content":"","ast-featured-img":"disabled","footer-sml-layout":"","ast-disable-related-posts":"","theme-transparent-header-meta":"default","adv-header-id-meta":"","stick-header-meta":"default","header-above-stick-meta":"","header-main-stick-meta":"","header-below-stick-meta":"","astra-migrate-meta-layouts":"set","ast-page-background-enabled":"default","ast-page-background-meta":{"desktop":{"background-color":"var(--ast-global-color-4)","background-image":"","background-repeat":"repeat","background-position":"center center","background-size":"auto","background-attachment":"scroll","background-type":"","background-media":"","overlay-type":"","overlay-color":"","overlay-opacity":"","overlay-gradient":""},"tablet":{"background-color":"","background-image":"","background-repeat":"repeat","background-position":"center center","background-size":"auto","background-attachment":"scroll","background-type":"","background-media":"","overlay-type":"","overlay-color":"","overlay-opacity":"","overlay-gradient":""},"mobile":{"background-color":"","background-image":"","background-repeat":"repeat","background-position":"center center","background-size":"auto","background-attachment":"scroll","background-type":"","background-media":"","overlay-type":"","overlay-color":"","overlay-opacity":"","overlay-gradient":""}},"ast-content-background-meta":{"desktop":{"background-color":"var(--ast-global-color-5)","background-image":"","background-repeat":"repeat","background-position":"center center","background-size":"auto","background-attachment":"scroll","background-type":"","background-media":"","overlay-type":"","overlay-color":"","overlay-opacity":"","overlay-gradient":""},"tablet":{"background-color":"var(--ast-global-color-5)","background-image":"","background-repeat":"repeat","background-position":"center center","background-size":"auto","background-attachment":"scroll","background-type":"","background-media":"","overlay-type":"","overlay-color":"","overlay-opacity":"","overlay-gradient":""},"mobile":{"background-color":"var(--ast-global-color-5)","background-image":"","background-repeat":"repeat","background-position":"center center","background-size":"auto","background-attachment":"scroll","background-type":"","background-media":"","overlay-type":"","overlay-color":"","overlay-opacity":"","overlay-gradient":""}},"footnotes":""},"class_list":["post-4991","page","type-page","status-publish","has-post-thumbnail","hentry"],"yoast_head":"<!-- This site is optimized with the Yoast SEO Premium plugin v27.4 (Yoast SEO v27.4) - https:\/\/yoast.com\/product\/yoast-seo-premium-wordpress\/ -->\n<title>SUNSET MONALISA | Restaurante Cabo Mediterr\u00e1neo<\/title>\n<meta name=\"description\" content=\"\u00bfEst\u00e1s interesado en vivir una experiencia top en un Restaurante Mediterr\u00e1neo en Cabo? Entonces, cont\u00e1ctanos. \u00a1Podemos organizar tu pr\u00f3ximo gran evento!\" \/>\n<meta name=\"robots\" content=\"index, follow, max-snippet:-1, max-image-preview:large, max-video-preview:-1\" \/>\n<link rel=\"canonical\" href=\"https:\/\/sunsetmonalisa.com\/es\/book_now\/\" \/>\n<meta property=\"og:locale\" content=\"es_ES\" \/>\n<meta property=\"og:type\" content=\"article\" \/>\n<meta property=\"og:title\" content=\"SUNSET MONALISA | Restaurante Cabo Mediterr\u00e1neo\" \/>\n<meta property=\"og:description\" content=\"\u00bfEst\u00e1s interesado en vivir una experiencia top en un Restaurante Mediterr\u00e1neo en Cabo? Entonces, cont\u00e1ctanos. \u00a1Podemos organizar tu pr\u00f3ximo gran evento!\" \/>\n<meta property=\"og:url\" content=\"https:\/\/sunsetmonalisa.com\/es\/book_now\/\" \/>\n<meta property=\"og:site_name\" content=\"Sunset Monalisa\" \/>\n<meta property=\"article:publisher\" content=\"https:\/\/www.facebook.com\/SunsetMonalisa\/\" \/>\n<meta property=\"article:modified_time\" content=\"2024-08-16T22:15:30+00:00\" \/>\n<meta property=\"og:image\" content=\"https:\/\/sunsetmonalisa.com\/wp-content\/uploads\/2024\/08\/Sunset-Monalisa_Social-Card_Contact.jpg\" \/>\n\t<meta property=\"og:image:width\" content=\"900\" \/>\n\t<meta property=\"og:image:height\" content=\"525\" \/>\n\t<meta property=\"og:image:type\" content=\"image\/jpeg\" \/>\n<meta name=\"twitter:card\" content=\"summary_large_image\" \/>\n<meta name=\"twitter:title\" content=\"SUNSET MONALISA | Restaurante Cabo Mediterr\u00e1neo\" \/>\n<meta name=\"twitter:description\" content=\"\u00bfEst\u00e1s interesado en vivir una experiencia top en un Restaurante Mediterr\u00e1neo en Cabo? Entonces, cont\u00e1ctanos. \u00a1Podemos organizar tu pr\u00f3ximo gran evento!\" \/>\n<meta name=\"twitter:image\" content=\"https:\/\/sunsetmonalisa.com\/wp-content\/uploads\/2024\/08\/Sunset-Monalisa_Social-Card_Contact.jpg\" \/>\n<meta name=\"twitter:label1\" content=\"Tiempo de lectura\" \/>\n\t<meta name=\"twitter:data1\" content=\"1 minuto\" \/>\n<script type=\"application\/ld+json\" class=\"yoast-schema-graph\">{\"@context\":\"https:\\\/\\\/schema.org\",\"@graph\":[{\"@type\":\"WebPage\",\"@id\":\"https:\\\/\\\/sunsetmonalisa.com\\\/es\\\/book_now\\\/\",\"url\":\"https:\\\/\\\/sunsetmonalisa.com\\\/es\\\/book_now\\\/\",\"name\":\"SUNSET MONALISA | Restaurante Cabo Mediterr\u00e1neo\",\"isPartOf\":{\"@id\":\"https:\\\/\\\/sunsetmonalisa.com\\\/es\\\/#website\"},\"primaryImageOfPage\":{\"@id\":\"https:\\\/\\\/sunsetmonalisa.com\\\/es\\\/book_now\\\/#primaryimage\"},\"image\":{\"@id\":\"https:\\\/\\\/sunsetmonalisa.com\\\/es\\\/book_now\\\/#primaryimage\"},\"thumbnailUrl\":\"https:\\\/\\\/sunsetmonalisa.com\\\/wp-content\\\/uploads\\\/2024\\\/08\\\/Sunset-Monalisa_Social-Card_Contact.jpg\",\"datePublished\":\"2024-08-16T15:29:41+00:00\",\"dateModified\":\"2024-08-16T22:15:30+00:00\",\"description\":\"\u00bfEst\u00e1s interesado en vivir una experiencia top en un Restaurante Mediterr\u00e1neo en Cabo? Entonces, cont\u00e1ctanos. \u00a1Podemos organizar tu pr\u00f3ximo gran evento!\",\"breadcrumb\":{\"@id\":\"https:\\\/\\\/sunsetmonalisa.com\\\/es\\\/book_now\\\/#breadcrumb\"},\"inLanguage\":\"es\",\"potentialAction\":[{\"@type\":\"ReadAction\",\"target\":[\"https:\\\/\\\/sunsetmonalisa.com\\\/es\\\/book_now\\\/\"]}]},{\"@type\":\"ImageObject\",\"inLanguage\":\"es\",\"@id\":\"https:\\\/\\\/sunsetmonalisa.com\\\/es\\\/book_now\\\/#primaryimage\",\"url\":\"https:\\\/\\\/sunsetmonalisa.com\\\/wp-content\\\/uploads\\\/2024\\\/08\\\/Sunset-Monalisa_Social-Card_Contact.jpg\",\"contentUrl\":\"https:\\\/\\\/sunsetmonalisa.com\\\/wp-content\\\/uploads\\\/2024\\\/08\\\/Sunset-Monalisa_Social-Card_Contact.jpg\",\"width\":900,\"height\":525},{\"@type\":\"BreadcrumbList\",\"@id\":\"https:\\\/\\\/sunsetmonalisa.com\\\/es\\\/book_now\\\/#breadcrumb\",\"itemListElement\":[{\"@type\":\"ListItem\",\"position\":1,\"name\":\"Inicio\",\"item\":\"https:\\\/\\\/sunsetmonalisa.com\\\/es\\\/\"},{\"@type\":\"ListItem\",\"position\":2,\"name\":\"Reservar Ahora\"}]},{\"@type\":\"WebSite\",\"@id\":\"https:\\\/\\\/sunsetmonalisa.com\\\/es\\\/#website\",\"url\":\"https:\\\/\\\/sunsetmonalisa.com\\\/es\\\/\",\"name\":\"Sunset Monalisa\",\"description\":\"A culinary delight\",\"publisher\":{\"@id\":\"https:\\\/\\\/sunsetmonalisa.com\\\/es\\\/#organization\"},\"potentialAction\":[{\"@type\":\"SearchAction\",\"target\":{\"@type\":\"EntryPoint\",\"urlTemplate\":\"https:\\\/\\\/sunsetmonalisa.com\\\/es\\\/?s={search_term_string}\"},\"query-input\":{\"@type\":\"PropertyValueSpecification\",\"valueRequired\":true,\"valueName\":\"search_term_string\"}}],\"inLanguage\":\"es\"},{\"@type\":\"Organization\",\"@id\":\"https:\\\/\\\/sunsetmonalisa.com\\\/es\\\/#organization\",\"name\":\"Sunset Monalisa\",\"url\":\"https:\\\/\\\/sunsetmonalisa.com\\\/es\\\/\",\"logo\":{\"@type\":\"ImageObject\",\"inLanguage\":\"es\",\"@id\":\"https:\\\/\\\/sunsetmonalisa.com\\\/es\\\/#\\\/schema\\\/logo\\\/image\\\/\",\"url\":\"https:\\\/\\\/sunsetmonalisa.com\\\/wp-content\\\/uploads\\\/2024\\\/07\\\/Sunset-Monalisa-favicon-2_1.png\",\"contentUrl\":\"https:\\\/\\\/sunsetmonalisa.com\\\/wp-content\\\/uploads\\\/2024\\\/07\\\/Sunset-Monalisa-favicon-2_1.png\",\"width\":512,\"height\":512,\"caption\":\"Sunset Monalisa\"},\"image\":{\"@id\":\"https:\\\/\\\/sunsetmonalisa.com\\\/es\\\/#\\\/schema\\\/logo\\\/image\\\/\"},\"sameAs\":[\"https:\\\/\\\/www.facebook.com\\\/SunsetMonalisa\\\/\",\"https:\\\/\\\/www.instagram.com\\\/sunsetmonalisa\\\/\",\"https:\\\/\\\/www.tiktok.com\\\/@sunset.monalisa\"]}]}<\/script>\n<!-- \/ Yoast SEO Premium plugin. -->","yoast_head_json":{"title":"SUNSET MONALISA | Restaurante Cabo Mediterr\u00e1neo","description":"\u00bfEst\u00e1s interesado en vivir una experiencia top en un Restaurante Mediterr\u00e1neo en Cabo? Entonces, cont\u00e1ctanos. \u00a1Podemos organizar tu pr\u00f3ximo gran evento!","robots":{"index":"index","follow":"follow","max-snippet":"max-snippet:-1","max-image-preview":"max-image-preview:large","max-video-preview":"max-video-preview:-1"},"canonical":"https:\/\/sunsetmonalisa.com\/es\/book_now\/","og_locale":"es_ES","og_type":"article","og_title":"SUNSET MONALISA | Restaurante Cabo Mediterr\u00e1neo","og_description":"\u00bfEst\u00e1s interesado en vivir una experiencia top en un Restaurante Mediterr\u00e1neo en Cabo? Entonces, cont\u00e1ctanos. \u00a1Podemos organizar tu pr\u00f3ximo gran evento!","og_url":"https:\/\/sunsetmonalisa.com\/es\/book_now\/","og_site_name":"Sunset Monalisa","article_publisher":"https:\/\/www.facebook.com\/SunsetMonalisa\/","article_modified_time":"2024-08-16T22:15:30+00:00","og_image":[{"width":900,"height":525,"url":"https:\/\/sunsetmonalisa.com\/wp-content\/uploads\/2024\/08\/Sunset-Monalisa_Social-Card_Contact.jpg","type":"image\/jpeg"}],"twitter_card":"summary_large_image","twitter_title":"SUNSET MONALISA | Restaurante Cabo Mediterr\u00e1neo","twitter_description":"\u00bfEst\u00e1s interesado en vivir una experiencia top en un Restaurante Mediterr\u00e1neo en Cabo? Entonces, cont\u00e1ctanos. \u00a1Podemos organizar tu pr\u00f3ximo gran evento!","twitter_image":"https:\/\/sunsetmonalisa.com\/wp-content\/uploads\/2024\/08\/Sunset-Monalisa_Social-Card_Contact.jpg","twitter_misc":{"Tiempo de lectura":"1 minuto"},"schema":{"@context":"https:\/\/schema.org","@graph":[{"@type":"WebPage","@id":"https:\/\/sunsetmonalisa.com\/es\/book_now\/","url":"https:\/\/sunsetmonalisa.com\/es\/book_now\/","name":"SUNSET MONALISA | Restaurante Cabo Mediterr\u00e1neo","isPartOf":{"@id":"https:\/\/sunsetmonalisa.com\/es\/#website"},"primaryImageOfPage":{"@id":"https:\/\/sunsetmonalisa.com\/es\/book_now\/#primaryimage"},"image":{"@id":"https:\/\/sunsetmonalisa.com\/es\/book_now\/#primaryimage"},"thumbnailUrl":"https:\/\/sunsetmonalisa.com\/wp-content\/uploads\/2024\/08\/Sunset-Monalisa_Social-Card_Contact.jpg","datePublished":"2024-08-16T15:29:41+00:00","dateModified":"2024-08-16T22:15:30+00:00","description":"\u00bfEst\u00e1s interesado en vivir una experiencia top en un Restaurante Mediterr\u00e1neo en Cabo? Entonces, cont\u00e1ctanos. \u00a1Podemos organizar tu pr\u00f3ximo gran evento!","breadcrumb":{"@id":"https:\/\/sunsetmonalisa.com\/es\/book_now\/#breadcrumb"},"inLanguage":"es","potentialAction":[{"@type":"ReadAction","target":["https:\/\/sunsetmonalisa.com\/es\/book_now\/"]}]},{"@type":"ImageObject","inLanguage":"es","@id":"https:\/\/sunsetmonalisa.com\/es\/book_now\/#primaryimage","url":"https:\/\/sunsetmonalisa.com\/wp-content\/uploads\/2024\/08\/Sunset-Monalisa_Social-Card_Contact.jpg","contentUrl":"https:\/\/sunsetmonalisa.com\/wp-content\/uploads\/2024\/08\/Sunset-Monalisa_Social-Card_Contact.jpg","width":900,"height":525},{"@type":"BreadcrumbList","@id":"https:\/\/sunsetmonalisa.com\/es\/book_now\/#breadcrumb","itemListElement":[{"@type":"ListItem","position":1,"name":"Inicio","item":"https:\/\/sunsetmonalisa.com\/es\/"},{"@type":"ListItem","position":2,"name":"Reservar Ahora"}]},{"@type":"WebSite","@id":"https:\/\/sunsetmonalisa.com\/es\/#website","url":"https:\/\/sunsetmonalisa.com\/es\/","name":"Sunset Monalisa","description":"A culinary delight","publisher":{"@id":"https:\/\/sunsetmonalisa.com\/es\/#organization"},"potentialAction":[{"@type":"SearchAction","target":{"@type":"EntryPoint","urlTemplate":"https:\/\/sunsetmonalisa.com\/es\/?s={search_term_string}"},"query-input":{"@type":"PropertyValueSpecification","valueRequired":true,"valueName":"search_term_string"}}],"inLanguage":"es"},{"@type":"Organization","@id":"https:\/\/sunsetmonalisa.com\/es\/#organization","name":"Sunset Monalisa","url":"https:\/\/sunsetmonalisa.com\/es\/","logo":{"@type":"ImageObject","inLanguage":"es","@id":"https:\/\/sunsetmonalisa.com\/es\/#\/schema\/logo\/image\/","url":"https:\/\/sunsetmonalisa.com\/wp-content\/uploads\/2024\/07\/Sunset-Monalisa-favicon-2_1.png","contentUrl":"https:\/\/sunsetmonalisa.com\/wp-content\/uploads\/2024\/07\/Sunset-Monalisa-favicon-2_1.png","width":512,"height":512,"caption":"Sunset Monalisa"},"image":{"@id":"https:\/\/sunsetmonalisa.com\/es\/#\/schema\/logo\/image\/"},"sameAs":["https:\/\/www.facebook.com\/SunsetMonalisa\/","https:\/\/www.instagram.com\/sunsetmonalisa\/","https:\/\/www.tiktok.com\/@sunset.monalisa"]}]}},"_links":{"self":[{"href":"https:\/\/sunsetmonalisa.com\/es\/wp-json\/wp\/v2\/pages\/4991","targetHints":{"allow":["GET"]}}],"collection":[{"href":"https:\/\/sunsetmonalisa.com\/es\/wp-json\/wp\/v2\/pages"}],"about":[{"href":"https:\/\/sunsetmonalisa.com\/es\/wp-json\/wp\/v2\/types\/page"}],"author":[{"embeddable":true,"href":"https:\/\/sunsetmonalisa.com\/es\/wp-json\/wp\/v2\/users\/2"}],"replies":[{"embeddable":true,"href":"https:\/\/sunsetmonalisa.com\/es\/wp-json\/wp\/v2\/comments?post=4991"}],"version-history":[{"count":0,"href":"https:\/\/sunsetmonalisa.com\/es\/wp-json\/wp\/v2\/pages\/4991\/revisions"}],"wp:featuredmedia":[{"embeddable":true,"href":"https:\/\/sunsetmonalisa.com\/es\/wp-json\/wp\/v2\/media\/3232"}],"wp:attachment":[{"href":"https:\/\/sunsetmonalisa.com\/es\/wp-json\/wp\/v2\/media?parent=4991"}],"curies":[{"name":"wp","href":"https:\/\/api.w.org\/{rel}","templated":true}]}}